{"id":2854,"date":"2017-02-19T17:07:38","date_gmt":"2017-02-19T22:07:38","guid":{"rendered":"https:\/\/www.limamentor.com\/product\/pisco-orgulho-peruano\/"},"modified":"2022-05-22T10:36:26","modified_gmt":"2022-05-22T15:36:26","slug":"pisco-orgulho-peruano","status":"publish","type":"product","link":"https:\/\/site.limamentor.com\/pt-br\/tours\/pisco-orgulho-peruano\/","title":{"rendered":"Pisco, Orgulho Peruano"},"content":{"rendered":"<ul>\n<li>Seu guia especializado encontrar\u00e1 com voce para se dirigir a Pueblo Libre, \u00a0bairro que ainda mant\u00e9m casas e fazendas do in\u00edcio de \u00e9poca republicana.<\/li>\n<li>Visita de um reconhocido bar especializado em Pisco. \u00a0Conhe\u00e7a sobre o Pisco Sour, o licor que se obt\u00e9m da destila\u00e7\u00e3o de finas uvas.<\/li>\n<li>Aprenda c\u00f3mo fazer o Pisco Sour e os Chilcanos com diferentes sabores de macerados.<\/li>\n<\/ul>\n<p>&nbsp;<\/p>\n<table class=\"table table-bordered tours-tabs__table\" style=\"height: 233px;\" width=\"862\">\n<tbody>\n<tr>\n<td><strong>DURA\u00c7\u00c3O<\/strong><\/td>\n<td>2 1\/2 horas<\/td>\n<\/tr>\n<tr>\n<td><strong>INCLUI<\/strong><\/td>\n<td>\n<table class=\"table table-bordered\" style=\"height: 62px;\" width=\"300\">\n<tbody>\n<tr>\n<td><i class=\"fa fa-check icon-tick icon-tick--on\"><\/i>Guia especializado.<\/td>\n<td><i class=\"fa fa-check icon-tick icon-tick--on\"><\/i>Transporte em minivan<\/td>\n<\/tr>\n<tr>\n<td><i class=\"fa fa-check icon-tick icon-tick--on\"><\/i>Pisco sour<\/td>\n<td><i class=\"fa fa-check icon-tick icon-tick--on\"><\/i>Chilcanos e snacks<\/td>\n<\/tr>\n<\/tbody>\n<\/table>\n<\/td>\n<\/tr>\n<\/tbody>\n<\/table>\n<p>Pre\u00e7o: Por pessoa US$94 se s\u00e3o 2 participantes.<\/p>\n<p>Em feriados importantes: Janeiro 1, Quinta-Feira Santa, Sexta-Feira Santa, Maio 1, Julho 28, Julho 29, Dezembro 24, 25 e 31 cobramos 50% mais.<\/p>\n<p><em><strong>Este <a href=\"https:\/\/www.limamentor.com\/pt-br\/sobmedida-tours-em-lima\/\">passeio pode ser adaptado<\/a> e podemos alterar o pre\u00e7o, dependendo do n\u00famero de participantes<\/strong><\/em><\/p>\n","protected":false},"excerpt":{"rendered":"<p>Conhe\u00e7a sobre o Pisco Sour, o licor que se obt\u00e9m da destila\u00e7\u00e3o de finas uvas. Aprenda c\u00f3mo fazer o Pisco Sour e os Chilcanos com diferentes sabores de macerados.<\/p>\n","protected":false},"featured_media":2009,"comment_status":"closed","ping_status":"closed","template":"","meta":[],"product_brand":[],"product_cat":[121],"product_tag":[],"class_list":{"0":"post-2854","1":"product","2":"type-product","3":"status-publish","4":"has-post-thumbnail","6":"product_cat-culinary-workshops-pt-br","7":"tour_category-private-tours","9":"first","10":"instock","11":"virtual","12":"purchasable","13":"product-type-tour"},"_links":{"self":[{"href":"https:\/\/site.limamentor.com\/pt-br\/wp-json\/wp\/v2\/product\/2854","targetHints":{"allow":["GET"]}}],"collection":[{"href":"https:\/\/site.limamentor.com\/pt-br\/wp-json\/wp\/v2\/product"}],"about":[{"href":"https:\/\/site.limamentor.com\/pt-br\/wp-json\/wp\/v2\/types\/product"}],"replies":[{"embeddable":true,"href":"https:\/\/site.limamentor.com\/pt-br\/wp-json\/wp\/v2\/comments?post=2854"}],"wp:featuredmedia":[{"embeddable":true,"href":"https:\/\/site.limamentor.com\/pt-br\/wp-json\/wp\/v2\/media\/2009"}],"wp:attachment":[{"href":"https:\/\/site.limamentor.com\/pt-br\/wp-json\/wp\/v2\/media?parent=2854"}],"wp:term":[{"taxonomy":"product_brand","embeddable":true,"href":"https:\/\/site.limamentor.com\/pt-br\/wp-json\/wp\/v2\/product_brand?post=2854"},{"taxonomy":"product_cat","embeddable":true,"href":"https:\/\/site.limamentor.com\/pt-br\/wp-json\/wp\/v2\/product_cat?post=2854"},{"taxonomy":"product_tag","embeddable":true,"href":"https:\/\/site.limamentor.com\/pt-br\/wp-json\/wp\/v2\/product_tag?post=2854"}],"curies":[{"name":"wp","href":"https:\/\/api.w.org\/{rel}","templated":true}]}}