{"id":2856,"date":"2017-02-20T17:45:33","date_gmt":"2017-02-20T22:45:33","guid":{"rendered":"https:\/\/www.limamentor.com\/product\/o-arte-e-a-ciencia-do-cafe\/"},"modified":"2022-05-22T10:34:44","modified_gmt":"2022-05-22T15:34:44","slug":"o-arte-e-a-ciencia-do-cafe","status":"publish","type":"product","link":"https:\/\/site.limamentor.com\/pt-br\/tours\/o-arte-e-a-ciencia-do-cafe\/","title":{"rendered":"O arte e a Ci\u00eancia do Caf\u00e9"},"content":{"rendered":"<ul>\n<li>\n<ul>\n<li>Este at\u00ealier se focaliza no conhecimento e entusiasmo para saber mais do mundo do caf\u00e9 e aprender os principais tipos de caf\u00e9 e as t\u00e9cnicas para preparar caf\u00e9 expresso e capuccino.<\/li>\n<li>Uma experi\u00eancia para os sentidos a cargo do Sr. David Torres Bisetti, propiet\u00e1rio de Tostadur\u00eda Bisetti.<\/li>\n<\/ul>\n<p>&nbsp;<\/p>\n<table class=\"table table-bordered tours-tabs__table\" style=\"height: 233px;\" width=\"862\">\n<tbody>\n<tr>\n<td><strong>LOCAL DE PARTIDA\/RETORNO<\/strong><\/td>\n<td>Qualquer hotel localizado em Miraflores, San Isidro ou Barranco.<\/td>\n<\/tr>\n<tr>\n<td><strong>DURA\u00c7\u00c3O<\/strong><\/td>\n<td>3\u00a0horas<\/td>\n<\/tr>\n<tr>\n<td><strong>INCLUI<\/strong><\/td>\n<td>\n<table class=\"table table-bordered\" style=\"height: 62px;\" width=\"300\">\n<tbody>\n<tr>\n<td><i class=\"fa fa-check icon-tick icon-tick--on\"><\/i>Guia especializado<\/td>\n<td><i class=\"fa fa-check icon-tick icon-tick--on\"><\/i>Transporte em minivan<\/td>\n<\/tr>\n<tr>\n<td><i class=\"fa fa-check icon-tick icon-tick--on\"><\/i>Caf\u00e9 e biscoitos<\/td>\n<td><\/td>\n<\/tr>\n<\/tbody>\n<\/table>\n<\/td>\n<\/tr>\n<\/tbody>\n<\/table>\n<p>*Em feriados importantes: Janeiro 1, Quinta-Feira Santa, Sexta-Feira Santa, Maio 1, Julho 28, Julho 29, Dezembro 24, 25 e 31 cobramos 50% mais.<\/p>\n<p>Pre\u00e7o por pessoa: US$115 se s\u00e3o 2participantes.<\/p>\n<p><em><strong>Este <a href=\"https:\/\/www.limamentor.com\/pt-br\/sobmedida-tours-em-lima\/\">passeio pode ser adaptado<\/a> e podemos alterar o pre\u00e7o, dependendo do n\u00famero de participantes<\/strong><\/em><\/p><\/li>\n<\/ul>\n","protected":false},"excerpt":{"rendered":"<p>Uma experi\u00eancia para os sentidos por especialistas da cafeteria de maior prest\u00edgio em Lima: \u00a0Tostadur\u00eda Bisetti.<\/p>\n","protected":false},"featured_media":2275,"comment_status":"closed","ping_status":"closed","template":"","meta":[],"product_brand":[],"product_cat":[121],"product_tag":[],"class_list":{"0":"post-2856","1":"product","2":"type-product","3":"status-publish","4":"has-post-thumbnail","6":"product_cat-culinary-workshops-pt-br","7":"tour_category-private-tours","9":"first","10":"instock","11":"virtual","12":"purchasable","13":"product-type-tour"},"_links":{"self":[{"href":"https:\/\/site.limamentor.com\/pt-br\/wp-json\/wp\/v2\/product\/2856","targetHints":{"allow":["GET"]}}],"collection":[{"href":"https:\/\/site.limamentor.com\/pt-br\/wp-json\/wp\/v2\/product"}],"about":[{"href":"https:\/\/site.limamentor.com\/pt-br\/wp-json\/wp\/v2\/types\/product"}],"replies":[{"embeddable":true,"href":"https:\/\/site.limamentor.com\/pt-br\/wp-json\/wp\/v2\/comments?post=2856"}],"wp:featuredmedia":[{"embeddable":true,"href":"https:\/\/site.limamentor.com\/pt-br\/wp-json\/wp\/v2\/media\/2275"}],"wp:attachment":[{"href":"https:\/\/site.limamentor.com\/pt-br\/wp-json\/wp\/v2\/media?parent=2856"}],"wp:term":[{"taxonomy":"product_brand","embeddable":true,"href":"https:\/\/site.limamentor.com\/pt-br\/wp-json\/wp\/v2\/product_brand?post=2856"},{"taxonomy":"product_cat","embeddable":true,"href":"https:\/\/site.limamentor.com\/pt-br\/wp-json\/wp\/v2\/product_cat?post=2856"},{"taxonomy":"product_tag","embeddable":true,"href":"https:\/\/site.limamentor.com\/pt-br\/wp-json\/wp\/v2\/product_tag?post=2856"}],"curies":[{"name":"wp","href":"https:\/\/api.w.org\/{rel}","templated":true}]}}