{"id":2863,"date":"2017-02-22T21:28:45","date_gmt":"2017-02-23T02:28:45","guid":{"rendered":"https:\/\/www.limamentor.com\/product\/mercado-e-aula-pratica-de-cozinha\/"},"modified":"2018-08-28T11:23:35","modified_gmt":"2018-08-28T16:23:35","slug":"mercado-e-aula-pratica-de-cozinha","status":"publish","type":"product","link":"https:\/\/site.limamentor.com\/pt-br\/tours\/mercado-e-aula-pratica-de-cozinha\/","title":{"rendered":"Mercado e Aula Pr\u00e1tica de Cozinha"},"content":{"rendered":"<ul>\n<li>Considerada a Capital Gastronomica de Sul America, Lima tem muito que oferecer ao visitante. Neste tour provar\u00e1 deliciosos pratos peruanos.<\/li>\n<li>O tour come\u00e7a com uma visita a um mercado local para logo visitar um restaurante onde o chef mostrar\u00e1 como fazer o ceviche e outros pratos feitos com produtos marinos.<\/li>\n<li>Provar\u00e1 o &#8220;&#8221;Pisco sour&#8221;&#8221;, e &#8220;&#8221;Causa&#8221;&#8221; feita com batata amassada com atum e tamb\u00e9m com caranguejo. Tamb\u00e9m provar\u00e1 o &#8220;&#8221;Lomo Saltado&#8221;&#8221;, prato feito com carne de boi, cebola e tomate salteada.<\/li>\n<li>E para beber Chicha Morada e o refrigerante Inca Kola.<\/li>\n<\/ul>\n<p>&nbsp;<\/p>\n<table class=\"table table-bordered tours-tabs__table\" style=\"height: 233px;\" width=\"862\">\n<tbody>\n<tr>\n<td><strong>DURA\u00c7\u00c3O<\/strong><\/td>\n<td>4\u00a0hours<\/td>\n<\/tr>\n<tr>\n<td><strong>INCLUI<\/strong><\/td>\n<td>\n<table class=\"table table-bordered\" style=\"height: 62px;\" width=\"300\">\n<tbody>\n<tr>\n<td><i class=\"fa fa-check icon-tick icon-tick--on\"><\/i>Gu\u00eda em portugu\u00e9s<\/td>\n<td><i class=\"fa fa-check icon-tick icon-tick--on\"><\/i>Van privada.<\/td>\n<\/tr>\n<tr>\n<td><i class=\"fa fa-check icon-tick icon-tick--on\"><\/i>Almo\u00e7o marino<\/td>\n<td><i class=\"fa fa-check icon-tick icon-tick--on\"><\/i>\u00a0clase de cozinha<\/td>\n<\/tr>\n<tr>\n<td><\/td>\n<td><\/td>\n<\/tr>\n<\/tbody>\n<\/table>\n<\/td>\n<\/tr>\n<\/tbody>\n<\/table>\n<p>Pre\u00e7o por pessoa:\u00a0US$150 se s\u00e3o 2 participantes.<\/p>\n<p>Em feriados importantes:\u00a0Janeiro 1, Quinta-Feira Santa, Sexta-Feira Santa, Maio 1, Julho 28, Julho 29, Dezembro 24, 25 e 31 cobramos 50% mais.<\/p>\n<p><em><strong>Este <a href=\"https:\/\/www.limamentor.com\/pt-br\/sobmedida-tours-em-lima\/\">passeio pode ser adaptado<\/a> e podemos alterar o pre\u00e7o, dependendo do n\u00famero de participantes<\/strong><\/em><\/p>\n","protected":false},"excerpt":{"rendered":"<p>Visitaremos primeiro o mercado para conhecer os produtos nativos mais usados na gastronomia peruana. Logo conheceremos ao chefe de cozinha que ensinara nos a preparar os pratos mais importantes da dieta peruana.<\/p>\n","protected":false},"featured_media":2054,"comment_status":"closed","ping_status":"closed","template":"","meta":[],"product_brand":[],"product_cat":[121],"product_tag":[],"class_list":{"0":"post-2863","1":"product","2":"type-product","3":"status-publish","4":"has-post-thumbnail","6":"product_cat-culinary-workshops-pt-br","7":"tour_category-private-tours","9":"first","10":"instock","11":"virtual","12":"purchasable","13":"product-type-tour"},"_links":{"self":[{"href":"https:\/\/site.limamentor.com\/pt-br\/wp-json\/wp\/v2\/product\/2863","targetHints":{"allow":["GET"]}}],"collection":[{"href":"https:\/\/site.limamentor.com\/pt-br\/wp-json\/wp\/v2\/product"}],"about":[{"href":"https:\/\/site.limamentor.com\/pt-br\/wp-json\/wp\/v2\/types\/product"}],"replies":[{"embeddable":true,"href":"https:\/\/site.limamentor.com\/pt-br\/wp-json\/wp\/v2\/comments?post=2863"}],"wp:featuredmedia":[{"embeddable":true,"href":"https:\/\/site.limamentor.com\/pt-br\/wp-json\/wp\/v2\/media\/2054"}],"wp:attachment":[{"href":"https:\/\/site.limamentor.com\/pt-br\/wp-json\/wp\/v2\/media?parent=2863"}],"wp:term":[{"taxonomy":"product_brand","embeddable":true,"href":"https:\/\/site.limamentor.com\/pt-br\/wp-json\/wp\/v2\/product_brand?post=2863"},{"taxonomy":"product_cat","embeddable":true,"href":"https:\/\/site.limamentor.com\/pt-br\/wp-json\/wp\/v2\/product_cat?post=2863"},{"taxonomy":"product_tag","embeddable":true,"href":"https:\/\/site.limamentor.com\/pt-br\/wp-json\/wp\/v2\/product_tag?post=2863"}],"curies":[{"name":"wp","href":"https:\/\/api.w.org\/{rel}","templated":true}]}}