{"id":2883,"date":"2017-02-25T18:58:56","date_gmt":"2017-02-25T23:58:56","guid":{"rendered":"https:\/\/www.limamentor.com\/product\/machu-picchu-comunidades-do-cusco\/"},"modified":"2023-11-07T10:54:29","modified_gmt":"2023-11-07T15:54:29","slug":"machu-picchu-comunidades-do-cusco","status":"publish","type":"product","link":"https:\/\/site.limamentor.com\/pt-br\/tours\/machu-picchu-comunidades-do-cusco\/","title":{"rendered":"Machu Picchu &#038; Comunidades do Cusco"},"content":{"rendered":"<p>Visite uma das sete maravilhas do mundo moderno, uma cidadela inca do s\u00e9culo XV, localizada sobre uma cadeia de montanhas. Machu Picchu \u00e9 considerado como lugar m\u00edstico e sagrado que irradia energia. Conhe\u00e7a mais deste enigm\u00e1tico lugar, de suas lendas e hist\u00f3ria a trav\u00e9s de um guia local que foi cuidadosamente selecionado por Lima Mentor, afim de que voc\u00ea desfrute ao m\u00e1ximo deste lugar conhecendo, entre outros, detalhes da entrada principal da trilha inca, e mais de sua flora e fauna. Viaje a escondidos povoados andinos que conservam seus antigos costumes e comparta um momento com seus moradores. Visite outros pequenos povoados nas proximidades do Cusco e conhe\u00e7a um pouco mais da arte inca. Poder\u00e3o visitar tamb\u00e9m a impressionante cidade hist\u00f3rica do Cusco, cheia de lugares que n\u00e3o devemos perder como igrejas, museus, lugares arqueol\u00f3gicos, ateli\u00eas e lojas de artesanato, restaurantes, e muito mais!<\/p>\n<p>Pre\u00e7o:<\/p>\n<ul>\n<li>US$1064 por pessoa em hot\u00e9is de tr\u00eas estrelas (Sauce Hostal\/El Mapi Hotel\/Casa Boutique San Blas), baseado em um grupo de 4 pessoas e quarto duplo.<\/li>\n<li>US$1391 por pessoa em hot\u00e9is de tr\u00eas estrelas (Sauce Hostal\/El Mapi Hotel\/Casa Boutique San Blas), baseado em um grupo de 2 pessoas e quarto duplo.<\/li>\n<li>US$1194 por pessoa em hot\u00e9is de quatro estrelas (Sonesta Yucay\/Machu Picchu Pueblo Hotel\/Novotel Cusco), baseado em um grupo de 4 pessoas e quarto duplo.<\/li>\n<li>US$1521 por pessoa em hot\u00e9is de quatro estrelas (Sonesta Yucay\/Machu Picchu Pueblo Hotel\/Novotel Cusco), baseado em um grupo de 2 pessoas e quarto duplo.<\/li>\n<li>US$1844 por pessoa em hot\u00e9is de cinco estrelas (Casa Andina Private Collection Urubamba\/Machu Picchu Pueblo Hotel\/Monasterio del Cusco-Orient Express), baseado em um grupo de 4 pessoas e quarto duplo.<\/li>\n<li>US$2329 por pessoa em hot\u00e9is de cinco estrelas (Casa Andina Private Collection Urubamba\/Machu Picchu Pueblo Hotel\/Monasterio del Cusco-Orient Express), baseado em um grupo de 2 pessoas e quarto duplo.<\/li>\n<\/ul>\n<p><em><strong>Este <a href=\"https:\/\/www.limamentor.com\/pt-br\/sobmedida-tours-em-lima\/\">passeio pode ser adaptado<\/a> e podemos alterar o pre\u00e7o, dependendo do n\u00famero de participantes<\/strong><\/em><\/p>\n","protected":false},"excerpt":{"rendered":"<p>Visite uma das sete maravilhas do mundo moderno, uma cidadela inca do s\u00e9culo XV, localizada sobre uma cadeia de montanhas. Machu Picchu \u00e9 considerado como lugar m\u00edstico e sagrado que irradia energia.<\/p>\n","protected":false},"featured_media":2488,"comment_status":"closed","ping_status":"closed","template":"","meta":[],"product_brand":[],"product_cat":[124],"product_tag":[],"class_list":{"0":"post-2883","1":"product","2":"type-product","3":"status-publish","4":"has-post-thumbnail","6":"product_cat-peru-sudamerica-pt-br","7":"tour_category-peru-e-america-do-sul","9":"first","10":"instock","11":"shipping-taxable","12":"product-type-tour"},"_links":{"self":[{"href":"https:\/\/site.limamentor.com\/pt-br\/wp-json\/wp\/v2\/product\/2883","targetHints":{"allow":["GET"]}}],"collection":[{"href":"https:\/\/site.limamentor.com\/pt-br\/wp-json\/wp\/v2\/product"}],"about":[{"href":"https:\/\/site.limamentor.com\/pt-br\/wp-json\/wp\/v2\/types\/product"}],"replies":[{"embeddable":true,"href":"https:\/\/site.limamentor.com\/pt-br\/wp-json\/wp\/v2\/comments?post=2883"}],"wp:featuredmedia":[{"embeddable":true,"href":"https:\/\/site.limamentor.com\/pt-br\/wp-json\/wp\/v2\/media\/2488"}],"wp:attachment":[{"href":"https:\/\/site.limamentor.com\/pt-br\/wp-json\/wp\/v2\/media?parent=2883"}],"wp:term":[{"taxonomy":"product_brand","embeddable":true,"href":"https:\/\/site.limamentor.com\/pt-br\/wp-json\/wp\/v2\/product_brand?post=2883"},{"taxonomy":"product_cat","embeddable":true,"href":"https:\/\/site.limamentor.com\/pt-br\/wp-json\/wp\/v2\/product_cat?post=2883"},{"taxonomy":"product_tag","embeddable":true,"href":"https:\/\/site.limamentor.com\/pt-br\/wp-json\/wp\/v2\/product_tag?post=2883"}],"curies":[{"name":"wp","href":"https:\/\/api.w.org\/{rel}","templated":true}]}}