{"id":2885,"date":"2017-02-26T18:26:36","date_gmt":"2017-02-26T23:26:36","guid":{"rendered":"https:\/\/www.limamentor.com\/product\/aventura-cenarios-nos-andes\/"},"modified":"2017-03-27T14:34:50","modified_gmt":"2017-03-27T19:34:50","slug":"aventura-cenarios-nos-andes","status":"publish","type":"product","link":"https:\/\/site.limamentor.com\/pt-br\/tours\/aventura-cenarios-nos-andes\/","title":{"rendered":"Aventura &#038; Cenarios nos Andes"},"content":{"rendered":"<p>Divirta-se e desfrute melhor do seu tempo nos Andes do Per\u00fa. Visite Arequipa, conhecida tamb\u00e9m como Cidade Branca, prove sua deliciosa gastronomia e conhe\u00e7a seu passado religioso e fin\u00edssima arquitetura. Um percurso de carro ou caminhonete nos levar\u00e1 ao Vale do rio Colca, um dos \u201ccanions\u201d mais profundos do mundo, onde encontraremos um colorido vale, e povoados fundados na \u00e8poca da colonia. Muitas atividades lhes esperam neste belo lugar como andar a cavalo, caminhadas, visita a ateli\u00eas de bordado, percursos de bicicleta, entre outros. Outro percurso de transporte terrestre a trav\u00e9s de campos e pastagens que nos levar\u00e1 a Puno, uma cidade que est\u00e1 junto ao lago Titicaca, o lago naveg\u00e1vel mais alto do mundo. Navegaremos para visitar suas ilhas. Logo viajaremos visitando sitios arqueol\u00f3gicos e importantes povoados andinos para chegar, finalmente ao cora\u00e7\u00e3o dos Andes Peruanos. Uma vez chegados a Cusco, poder\u00e3o andar de bicicleta nos impressionantes vales e povoados dos arredores e, logicamente, visitar Machu Picchu, uma das sete maravilhas do mundo moderno!<\/p>\n<p>Pre\u00e7o:<\/p>\n<ul>\n<li>US$1830 por pessoa em hot\u00e9is de tr\u00eas estrelas (Casa Melgar\/Casa Andina Classic Colca\/Colon Inn\/Casa Boutique San Blas), baseado em um grupo de 4 pessoas e quarto duplo.<\/li>\n<li>US$2329 por pessoa em hot\u00e9is de tr\u00eas estrelas ((Casa Melgar\/Casa Andina Classic Colca\/Colon Inn\/Casa Boutique San Blas), baseado em um grupo de 2 pessoas e quarto duplo.<\/li>\n<li>US$2035 por pessoa em hot\u00e9is de quatro estrelas (Sonesta Arequipa\/Casa Andina Classic Colca\/Sonesta Puno\/Novotel Cusco), baseado em um grupo de 4 pessoas e quarto duplo.<\/li>\n<li>US$2534 por pessoa em hot\u00e9is de quatro estrelas (Sonesta Arequipa\/Casa Andina Classic Colca\/Sonesta Puno\/Novotel Cusco), baseado em um grupo de 2 pessoas e quarto duplo.<\/li>\n<li>US$2992 por pessoa em hot\u00e9is de cinco estrelas (Casa Andina Private Collection Arequipa\/Colca Lodge\/Casa Andina Private Collection Lake Titicaca\/Monasterio del Cusco-Orient Express), baseado em um grupo de 4 pessoas e quarto duplo.<\/li>\n<li>US$3490 por pessoa em hot\u00e9is de cinco estrelas (Casa Andina Private Collection Arequipa\/Colca Lodge\/Casa Andina Private Collection Lake Titicaca\/Monasterio del Cusco-Orient Express), baseado em um grupo de 2 pessoas e quarto duplo.<\/li>\n<\/ul>\n<p><em><strong>Este <a href=\"https:\/\/www.limamentor.com\/pt-br\/sobmedida-tours-em-lima\/\">passeio pode ser adaptado<\/a> e podemos alterar o pre\u00e7o, dependendo do n\u00famero de participantes<\/strong><\/em><\/p>\n","protected":false},"excerpt":{"rendered":"<p>Divirta-se e desfrute melhor do seu tempo nos Andes do Per\u00fa. Visite Arequipa, conhecida tamb\u00e9m como Cidade Branca, prove sua deliciosa gastronomia e conhe\u00e7a seu passado religioso e fin\u00edssima arquitetura.<\/p>\n","protected":false},"featured_media":2515,"comment_status":"closed","ping_status":"closed","template":"","meta":[],"product_brand":[],"product_cat":[124],"product_tag":[],"class_list":{"0":"post-2885","1":"product","2":"type-product","3":"status-publish","4":"has-post-thumbnail","6":"product_cat-peru-sudamerica-pt-br","7":"tour_category-peru-e-america-do-sul","9":"first","10":"instock","11":"shipping-taxable","12":"product-type-tour"},"_links":{"self":[{"href":"https:\/\/site.limamentor.com\/pt-br\/wp-json\/wp\/v2\/product\/2885","targetHints":{"allow":["GET"]}}],"collection":[{"href":"https:\/\/site.limamentor.com\/pt-br\/wp-json\/wp\/v2\/product"}],"about":[{"href":"https:\/\/site.limamentor.com\/pt-br\/wp-json\/wp\/v2\/types\/product"}],"replies":[{"embeddable":true,"href":"https:\/\/site.limamentor.com\/pt-br\/wp-json\/wp\/v2\/comments?post=2885"}],"wp:featuredmedia":[{"embeddable":true,"href":"https:\/\/site.limamentor.com\/pt-br\/wp-json\/wp\/v2\/media\/2515"}],"wp:attachment":[{"href":"https:\/\/site.limamentor.com\/pt-br\/wp-json\/wp\/v2\/media?parent=2885"}],"wp:term":[{"taxonomy":"product_brand","embeddable":true,"href":"https:\/\/site.limamentor.com\/pt-br\/wp-json\/wp\/v2\/product_brand?post=2885"},{"taxonomy":"product_cat","embeddable":true,"href":"https:\/\/site.limamentor.com\/pt-br\/wp-json\/wp\/v2\/product_cat?post=2885"},{"taxonomy":"product_tag","embeddable":true,"href":"https:\/\/site.limamentor.com\/pt-br\/wp-json\/wp\/v2\/product_tag?post=2885"}],"curies":[{"name":"wp","href":"https:\/\/api.w.org\/{rel}","templated":true}]}}