{"id":2887,"date":"2017-02-27T18:20:36","date_gmt":"2017-02-27T23:20:36","guid":{"rendered":"https:\/\/www.limamentor.com\/product\/explorando-a-selva-peruana\/"},"modified":"2023-11-07T10:54:31","modified_gmt":"2023-11-07T15:54:31","slug":"explorando-a-selva-peruana","status":"publish","type":"product","link":"https:\/\/site.limamentor.com\/pt-br\/tours\/explorando-a-selva-peruana\/","title":{"rendered":"Explorando A Selva Peruana"},"content":{"rendered":"<p>Quer conhecer como \u00e9 a vida na selva? Viva uma experi\u00eancia intensa ao viajar e vivier 5 dias na parte mais virgem da selva peruana, longe da civiliza\u00e7\u00e3o.<\/p>\n<p>Viajar\u00e3o primeiro a Puerto Maldonado e desde ai ser\u00e3o tranportados ao porto para embarcar na canoa que os levar\u00e1 ao primeiro albergue. Este se encontra a 3 horas da cidade. No dia siguinte, embarcar\u00e3o novamente na canoa para continuar at\u00e9 o pr\u00f3ximo albergue, localizado no cora\u00e7\u00e3o da Reserva Nacional do Tambopata. Visitar\u00e3o a \u201ccollpa\u201d de araras, lugar onde os p\u00e1ssaros e principalmente as araras comem o barro dos barrancos do rio. Tamb\u00e9m caminhar\u00e3o pelos sendeiros em busca de flores, aves, macacos, jacar\u00e9s e ter\u00e3o outras atividades para sentir realmente a selva.<\/p>\n<p>Pre\u00e7o:<br \/>\nUS$ 1047 D\u00f3lares por Pessoa (Quarto Duplo)<br \/>\nUS$ 1324 D\u00f3lares por Pessoa (Quartos Individuais)<\/p>\n<p>Dura\u00e7\u00e3o: 5 dias &amp; 4 noites<\/p>\n<p><em><strong>Este <a href=\"https:\/\/www.limamentor.com\/pt-br\/sobmedida-tours-em-lima\/\">passeio pode ser adaptado<\/a> e podemos alterar o pre\u00e7o, dependendo do n\u00famero de participantes<\/strong><\/em><\/p>\n","protected":false},"excerpt":{"rendered":"<p>Quer conhecer como &amp;eacute; a vida na selva? Viva uma experi&amp;ecirc;ncia intensa ao viajar e vivier 5 dias na parte mais virgem da selva peruana, longe da civiliza&amp;ccedil;&amp;atilde;o. Viajar&amp;atilde;o primeiro a Puerto Maldonado e desde ai ser&amp;atilde;o tranportados ao porto para embarcar na canoa que os levar&amp;aacute; ao primeiro albergue.<\/p>\n","protected":false},"featured_media":2557,"comment_status":"closed","ping_status":"closed","template":"","meta":[],"product_brand":[],"product_cat":[124],"product_tag":[],"class_list":{"0":"post-2887","1":"product","2":"type-product","3":"status-publish","4":"has-post-thumbnail","6":"product_cat-peru-sudamerica-pt-br","7":"tour_category-peru-e-america-do-sul","9":"first","10":"instock","11":"shipping-taxable","12":"product-type-tour"},"_links":{"self":[{"href":"https:\/\/site.limamentor.com\/pt-br\/wp-json\/wp\/v2\/product\/2887","targetHints":{"allow":["GET"]}}],"collection":[{"href":"https:\/\/site.limamentor.com\/pt-br\/wp-json\/wp\/v2\/product"}],"about":[{"href":"https:\/\/site.limamentor.com\/pt-br\/wp-json\/wp\/v2\/types\/product"}],"replies":[{"embeddable":true,"href":"https:\/\/site.limamentor.com\/pt-br\/wp-json\/wp\/v2\/comments?post=2887"}],"wp:featuredmedia":[{"embeddable":true,"href":"https:\/\/site.limamentor.com\/pt-br\/wp-json\/wp\/v2\/media\/2557"}],"wp:attachment":[{"href":"https:\/\/site.limamentor.com\/pt-br\/wp-json\/wp\/v2\/media?parent=2887"}],"wp:term":[{"taxonomy":"product_brand","embeddable":true,"href":"https:\/\/site.limamentor.com\/pt-br\/wp-json\/wp\/v2\/product_brand?post=2887"},{"taxonomy":"product_cat","embeddable":true,"href":"https:\/\/site.limamentor.com\/pt-br\/wp-json\/wp\/v2\/product_cat?post=2887"},{"taxonomy":"product_tag","embeddable":true,"href":"https:\/\/site.limamentor.com\/pt-br\/wp-json\/wp\/v2\/product_tag?post=2887"}],"curies":[{"name":"wp","href":"https:\/\/api.w.org\/{rel}","templated":true}]}}