{"id":2890,"date":"2017-02-28T18:10:00","date_gmt":"2017-02-28T23:10:00","guid":{"rendered":"https:\/\/www.limamentor.com\/product\/natureza-arqueologia-na-rota-moche\/"},"modified":"2022-05-22T10:25:41","modified_gmt":"2022-05-22T15:25:41","slug":"natureza-arqueologia-na-rota-moche","status":"publish","type":"product","link":"https:\/\/site.limamentor.com\/pt-br\/tours\/natureza-arqueologia-na-rota-moche\/","title":{"rendered":"Natureza &#038; Arqueologia na Rota Moche"},"content":{"rendered":"<p>Visita ao norte do Per\u00fa onde encontrar\u00e3o praias, sitios arqueol\u00f3gicos, hist\u00f3ria, \u00e1reas naturais protegidas e uma deliciosa comida. A cultura Moche dominou quase todo o norte do Per\u00fa ao longo de varios s\u00e9culos e at\u00e9 hoje impressionantes descobertas nos surpreedem e s\u00e3o noticia nos jornais.<\/p>\n<p>Esta viagem inclui uma visita a \u201cEl Brujo\u201d (lugar de repouso da \u201cSenhora de Cao\u201d que viveu por volta de 450 DC), Chan Chan (a maior cidade de barro da \u00e9poca pre-colombiana, patrimonio cultural protegido pela UNESCO) e as \u201chuacas\u201d do Sol e da Lua (grandes pir\u00e1mides construidas com prop\u00f3sito cerimonial).<\/p>\n<p>Visita ao Museu T\u00famulos Reais, que apresenta uma fascinante hist\u00f3ria da cultura Moche, estando entre uma das melhores salas de exposi\u00e7\u00e3o do mundo. Logo visitar\u00e3o o santuario hist\u00f3rico Bosques de Pomac, um bosque seco equatorial constituido por algarrobos muitos antigos.<\/p>\n<p>Ficar\u00e3o num albergue ecol\u00f3gico desde onde poder\u00e3o visitar o Centro de Resgate do Urso Andino ( tamb\u00e9m chamado urso com \u00f3culos) e poder\u00e3o caminhar por um sistema de sendeiros com boas possibilidades de observar aves.<\/p>\n<p>Visita \u00e0 cidade de Trujillo, \u00e0 praia de Huanchaco que oferece um clima c\u00e1lido o ano todo e onde encontramos os \u201ccaballitos de totora\u201d, uma pequena balsa usada desde os tempos da cultura Moche (250-700 DC) para a pesca e hoje usada com o mesmo prop\u00f3sito al\u00e9m de servir para surfar.<\/p>\n<p>Poder\u00e3o disfrutar de um delicioso ceviche que combina o peixe fresco con cebola, suco de lim\u00e3o e um poco de aji, o perfeito sabor da rota moche.<\/p>\n<p><em><strong>Este <a href=\"https:\/\/www.limamentor.com\/pt-br\/sobmedida-tours-em-lima\/\">passeio pode ser adaptado<\/a> e podemos alterar o pre\u00e7o, dependendo do n\u00famero de participantes<\/strong><\/em><\/p>\n","protected":false},"excerpt":{"rendered":"<p>Visita ao norte do Per\u00fa onde encontrar\u00e3o praias, sitios arqueol\u00f3gicos, hist\u00f3ria, \u00e1reas naturais protegidas e uma deliciosa comida.<\/p>\n","protected":false},"featured_media":2475,"comment_status":"closed","ping_status":"closed","template":"","meta":[],"product_brand":[],"product_cat":[124],"product_tag":[],"class_list":{"0":"post-2890","1":"product","2":"type-product","3":"status-publish","4":"has-post-thumbnail","6":"product_cat-peru-sudamerica-pt-br","7":"tour_category-peru-e-america-do-sul","9":"first","10":"outofstock","11":"shipping-taxable","12":"product-type-tour"},"_links":{"self":[{"href":"https:\/\/site.limamentor.com\/pt-br\/wp-json\/wp\/v2\/product\/2890","targetHints":{"allow":["GET"]}}],"collection":[{"href":"https:\/\/site.limamentor.com\/pt-br\/wp-json\/wp\/v2\/product"}],"about":[{"href":"https:\/\/site.limamentor.com\/pt-br\/wp-json\/wp\/v2\/types\/product"}],"replies":[{"embeddable":true,"href":"https:\/\/site.limamentor.com\/pt-br\/wp-json\/wp\/v2\/comments?post=2890"}],"wp:featuredmedia":[{"embeddable":true,"href":"https:\/\/site.limamentor.com\/pt-br\/wp-json\/wp\/v2\/media\/2475"}],"wp:attachment":[{"href":"https:\/\/site.limamentor.com\/pt-br\/wp-json\/wp\/v2\/media?parent=2890"}],"wp:term":[{"taxonomy":"product_brand","embeddable":true,"href":"https:\/\/site.limamentor.com\/pt-br\/wp-json\/wp\/v2\/product_brand?post=2890"},{"taxonomy":"product_cat","embeddable":true,"href":"https:\/\/site.limamentor.com\/pt-br\/wp-json\/wp\/v2\/product_cat?post=2890"},{"taxonomy":"product_tag","embeddable":true,"href":"https:\/\/site.limamentor.com\/pt-br\/wp-json\/wp\/v2\/product_tag?post=2890"}],"curies":[{"name":"wp","href":"https:\/\/api.w.org\/{rel}","templated":true}]}}