{"id":2893,"date":"2017-03-01T17:57:51","date_gmt":"2017-03-01T22:57:51","guid":{"rendered":"https:\/\/www.limamentor.com\/product\/viagens-pela-america-do-sul\/"},"modified":"2022-05-22T10:26:38","modified_gmt":"2022-05-22T15:26:38","slug":"viagens-pela-america-do-sul","status":"publish","type":"product","link":"https:\/\/site.limamentor.com\/pt-br\/tours\/viagens-pela-america-do-sul\/","title":{"rendered":"Viagens Pela Am\u00e9rica do Sul"},"content":{"rendered":"<p>Visita e viagem \u00e0 melhor parte do \u201cnovo mundo\u201d. A \u00a0Am\u00e9rica do Sul oferece grandes oportunidades para que os viajantes aprendam, desfrutem, descubram e se relaxem. Desde lugares declarados Patrimonio Universal pela UNESCO, cheios de hist\u00f3ria, rica arquitetura, gente am\u00e1vel e c\u00e1lida hospedagem que encontramos em Cartagena de Indias na Colombia, Ouro Preto no Brasil, Quito no Equador, at\u00e9 os maravilhosos cen\u00e1rios naturais das ilhas Gal\u00e1pagos no Equador, lugar intacto no mundo, ou as impressionantes Cataratas do Iguass\u00fa, compartidas por Brasil e Argentina, indo por agitadas cidades como Buenos Aires e Rio de Janeiro; experi\u00eancias \u00fanicas como a cata de vinhos em Santiago do Chile ou atravessando o deserto mais seco da terra: Atacama.<\/p>\n<p>Tamb\u00e9m navegar pero rio Amazonas, o mais caudaloso do mundo, ou explorar as \u00e1reas mais altas da Codilheira dos Andes, visitando o enorme deserto salgado de Uyuni, na Bolivia, onde encontramos tamb\u00e9m assombrosos geisers, vulc\u00f5es e lagos coloridos; caminhar por suas cordilheiras ou visitar a cidade mais austral do mundo, Ushuaya; admire o lindo cen\u00e1rio da Patagonia ou visite a ilha de Pascua descobrindo como vivem os rapa nui, habitantes polinesios morando no territorio chileno e muito mais! Isto \u00e9 a Am\u00e9rica do sul!<\/p>\n<p>Lima Mentor viajou por todos estes maravilhosos destinos para sugerir-lhes os melhores itiner\u00e1rios de acordo com seus or\u00e7amentos, suas datas, seus interesses, suas prefer\u00eancias&#8230; para assim organizar um programa especialmente desenhado para voc\u00ea! Contamos com uma grande rede de maravilhosos amigos e contatos em cada cidade, que trabalhar\u00e3o junto conosco para organizar sua visita, preparando viagens perfeitas a partir de nossa experi\u00eancia e log\u00edstica.<\/p>\n<p><em><strong>Este <a href=\"https:\/\/www.limamentor.com\/pt-br\/sobmedida-tours-em-lima\/\">passeio pode ser adaptado<\/a> e podemos alterar o pre\u00e7o, dependendo do n\u00famero de participantes<\/strong><\/em><\/p>\n","protected":false},"excerpt":{"rendered":"<p>Visita e viagem \u00e0 melhor parte do \u201cnovo mundo\u201d. A \u00a0Am\u00e9rica do Sul oferece grandes oportunidades para que os viajantes aprendam, desfrutem, descubram e se relaxem.<\/p>\n","protected":false},"featured_media":1513,"comment_status":"closed","ping_status":"closed","template":"","meta":[],"product_brand":[],"product_cat":[124],"product_tag":[],"class_list":{"0":"post-2893","1":"product","2":"type-product","3":"status-publish","4":"has-post-thumbnail","6":"product_cat-peru-sudamerica-pt-br","7":"tour_category-peru-e-america-do-sul","9":"first","10":"outofstock","11":"shipping-taxable","12":"product-type-tour"},"_links":{"self":[{"href":"https:\/\/site.limamentor.com\/pt-br\/wp-json\/wp\/v2\/product\/2893","targetHints":{"allow":["GET"]}}],"collection":[{"href":"https:\/\/site.limamentor.com\/pt-br\/wp-json\/wp\/v2\/product"}],"about":[{"href":"https:\/\/site.limamentor.com\/pt-br\/wp-json\/wp\/v2\/types\/product"}],"replies":[{"embeddable":true,"href":"https:\/\/site.limamentor.com\/pt-br\/wp-json\/wp\/v2\/comments?post=2893"}],"wp:featuredmedia":[{"embeddable":true,"href":"https:\/\/site.limamentor.com\/pt-br\/wp-json\/wp\/v2\/media\/1513"}],"wp:attachment":[{"href":"https:\/\/site.limamentor.com\/pt-br\/wp-json\/wp\/v2\/media?parent=2893"}],"wp:term":[{"taxonomy":"product_brand","embeddable":true,"href":"https:\/\/site.limamentor.com\/pt-br\/wp-json\/wp\/v2\/product_brand?post=2893"},{"taxonomy":"product_cat","embeddable":true,"href":"https:\/\/site.limamentor.com\/pt-br\/wp-json\/wp\/v2\/product_cat?post=2893"},{"taxonomy":"product_tag","embeddable":true,"href":"https:\/\/site.limamentor.com\/pt-br\/wp-json\/wp\/v2\/product_tag?post=2893"}],"curies":[{"name":"wp","href":"https:\/\/api.w.org\/{rel}","templated":true}]}}