{"id":4385,"date":"2017-02-04T08:50:29","date_gmt":"2017-02-04T13:50:29","guid":{"rendered":"https:\/\/www.limamentor.com\/tours\/cocina-peruana-vista-al-mar\/"},"modified":"2022-11-25T11:29:33","modified_gmt":"2022-11-25T16:29:33","slug":"cozinha-peruana-com-vista-do-mar","status":"publish","type":"product","link":"https:\/\/site.limamentor.com\/pt-br\/tours\/cozinha-peruana-com-vista-do-mar\/","title":{"rendered":"Cozinha Peruana com Vista do Mar"},"content":{"rendered":"<p>&nbsp;<\/p>\n<ul>\n<li>Visita ao mercado local onde com o seu guia ir\u00e1 explorar os frutos e esp\u00e9cies end\u00e9micas que utilizamos na cozinha.<\/li>\n<li>Visite um chef experiente com quem preparar\u00e1 a causa, um ensopado feito de batatas amarelas.<\/li>\n<li>Prepare ceviche e pisco sour por conta pr\u00f3pria, nosso chef pode ajud\u00e1-lo.<\/li>\n<li>Desfrute de vistas do Oceano Pac\u00edfico de Chorrillos, o \u00faltimo distrito da ba\u00eda da cidade de Lima.<\/li>\n<\/ul>\n<p>&nbsp;<\/p>\n<h3>m\u00e1ximo 6 participantes<\/h3>\n<table class=\"table table-bordered tours-tabs__table\" style=\"height: 233px;\" width=\"862\">\n<tbody>\n<tr>\n<td><strong>LOCAL DE PARTIDA\/RETORNO<\/strong><\/td>\n<td>A turn\u00ea come\u00e7a e termina no hotel Miraflores ou San Isidro.<\/td>\n<\/tr>\n<tr>\n<td><strong>DURA\u00c7\u00c3O<\/strong><\/td>\n<td>1oh \u2013 14h De Segunda-feira a Domingo.<\/td>\n<\/tr>\n<tr>\n<td><strong>INCLUI<\/strong><\/td>\n<td>\n<table class=\"table table-bordered\" style=\"height: 62px;\" width=\"300\">\n<tbody>\n<tr>\n<td><i class=\"fa fa-check icon-tick icon-tick--on\"><\/i>Gu\u00eda<\/td>\n<td><i class=\"fa fa-check icon-tick icon-tick--on\"><\/i>Transporte*<\/td>\n<\/tr>\n<tr>\n<td><i class=\"fa fa-check icon-tick icon-tick--on\"><\/i>Almo\u00e7o<\/td>\n<td><i class=\"fa fa-check icon-tick icon-tick--on\"><\/i> Degusta\u00e7\u00f5es no mercado.<\/td>\n<\/tr>\n<\/tbody>\n<\/table>\n<\/td>\n<\/tr>\n<\/tbody>\n<\/table>\n<p>&nbsp;<\/p>\n<p>* Pre\u00e7o: Pre\u00e7o por pessoa, m\u00e1ximo 6 participantes: US$85<\/p>\n<p style=\"font-weight: 400;\">* Tour compartilhado em espanhol ou ingl\u00e9s.<\/p>\n<p style=\"font-weight: 400;\">* Em feriados importantes:\u00a0Janeiro 1, Quinta-Feira Santa, Sexta-Feira Santa, Maio 1, Julho 28, Julho 29, Dezembro 24, 25 e 31 cobramos 50% mais.<\/p>\n<p style=\"font-weight: 400;\">* <em><strong>Este\u00a0<a href=\"https:\/\/www.limamentor.com\/pt-br\/sobmedida-tours-em-lima\/\">passeio pode ser adaptado<\/a> e podemos alterar o pre\u00e7o, dependendo do n\u00famero de participantes.<\/strong><\/em><\/p>\n","protected":false},"excerpt":{"rendered":"<p><i><span lang=\"ES-MX\">Meio dia para desfrutar e aprender sobre a gastronomia peruana. Voc\u00ea visitar\u00e1 o mercado local com seu guia para provar e explorar os produtos end\u00eamicos que usamos. Em seguida, voc\u00ea ir\u00e1 a um lugar de frente para o mar, onde visitar\u00e1 um chef especializado com quem far\u00e1 alguns ensopados peruanos.<\/span><\/i><\/p>\n","protected":false},"featured_media":4338,"comment_status":"closed","ping_status":"closed","template":"","meta":[],"product_brand":[],"product_cat":[120],"product_tag":[],"class_list":{"0":"post-4385","1":"product","2":"type-product","3":"status-publish","4":"has-post-thumbnail","6":"product_cat-private-tours-pt-br","7":"tour_category-confirmed-tours","9":"first","10":"instock","11":"virtual","12":"purchasable","13":"product-type-tour"},"_links":{"self":[{"href":"https:\/\/site.limamentor.com\/pt-br\/wp-json\/wp\/v2\/product\/4385","targetHints":{"allow":["GET"]}}],"collection":[{"href":"https:\/\/site.limamentor.com\/pt-br\/wp-json\/wp\/v2\/product"}],"about":[{"href":"https:\/\/site.limamentor.com\/pt-br\/wp-json\/wp\/v2\/types\/product"}],"replies":[{"embeddable":true,"href":"https:\/\/site.limamentor.com\/pt-br\/wp-json\/wp\/v2\/comments?post=4385"}],"wp:featuredmedia":[{"embeddable":true,"href":"https:\/\/site.limamentor.com\/pt-br\/wp-json\/wp\/v2\/media\/4338"}],"wp:attachment":[{"href":"https:\/\/site.limamentor.com\/pt-br\/wp-json\/wp\/v2\/media?parent=4385"}],"wp:term":[{"taxonomy":"product_brand","embeddable":true,"href":"https:\/\/site.limamentor.com\/pt-br\/wp-json\/wp\/v2\/product_brand?post=4385"},{"taxonomy":"product_cat","embeddable":true,"href":"https:\/\/site.limamentor.com\/pt-br\/wp-json\/wp\/v2\/product_cat?post=4385"},{"taxonomy":"product_tag","embeddable":true,"href":"https:\/\/site.limamentor.com\/pt-br\/wp-json\/wp\/v2\/product_tag?post=4385"}],"curies":[{"name":"wp","href":"https:\/\/api.w.org\/{rel}","templated":true}]}}