{"id":5680,"date":"2017-01-01T10:00:27","date_gmt":"2017-01-01T15:00:27","guid":{"rendered":"https:\/\/www.limamentor.com\/product\/the-lima-mentor-tour\/"},"modified":"2023-09-26T11:34:56","modified_gmt":"2023-09-26T16:34:56","slug":"the-lima-mentor-tour","status":"publish","type":"product","link":"https:\/\/site.limamentor.com\/pt-br\/tours\/the-lima-mentor-tour\/","title":{"rendered":"O Tour de Lima Mentor"},"content":{"rendered":"<ul>\n<li>Visita a Huaca Pucllana; um centro cerimonial feito de adobe que foi utilizado pela cultura Lima entre os anos 200 &#8211; 700 d.C.<\/li>\n<li>Visita o Centro Hist\u00f3rico, Patrimonio Universal pela UNESCO, caminhada pelas estradas mais importantes para observar sua arquitetura e monumentos.<\/li>\n<li>Casa Aliaga, bela mansao que pertence a mesma fam\u00edlia que a habita desde os tempos coloniais.<\/li>\n<li>Almo\u00e7o numa das melhores cevicherias em Lima, onde tamb\u00e9m pode ter o mais representativo da costa peruana. A outra op\udbc0\udc39ao \u00e9 num restaurante em Rimac, numa casa hist\u00f3rica que perteneceu a vice-rei Amat &amp;Juniet<\/li>\n<\/ul>\n<p>Para a tarde Lima Mentor oferece 3 op\u00e7oes para escolher:<\/p>\n<ul>\n<li><strong>Atitude Art\u00edstica:<\/strong>\n<ul>\n<li>Visita do Barranco, o bairro boemio da cidade.<\/li>\n<li>Caminhar por suas ruas charmosas e coloridas admirando o seu estilo arquitect\u00f3nico e a tranquilidade de um bairro art\u00edstico.<\/li>\n<li>Visite o Museu Pedro de Osma conhecida pela sua elegante cole\u00e7ao de arte colonial numa mansao hist\u00f3rica; Finalmente visita a Associa\u00e7ao Mario Testino (MATE) onde observamos trabalho e fotograf\u00eda do famoso artista peruano.<\/li>\n<\/ul>\n<\/li>\n<li><strong>Atitude hist\u00f3rica:<\/strong>\n<ul>\n<li>Museu Larco, urna bela cole\u00e7ao de curo e prata do antiguo Peru e sua famosa sala er\u00f3tica. Finalmente, visite o tranquilo bairro de Pueblo libre, onde os grandes libertadores da Am\u00e9rica do Sul tiveram sua base. Aqu\u00ed pode visitar a casa que serviu para as a\u00e7oes de independencia.<\/li>\n<\/ul>\n<\/li>\n<li><strong>Atitude cultural:<\/strong>\n<ul>\n<li>Visita do distrito de Rimac, agora parte de cidades patrimonio do mundo, caminhata pelo Jr. Trujillo para observar a igreja mais pequena do mundo e visita a Convento de los Descalzos, onde poder\u00e1 caminar em seus claustros, cozinha, \u00e1rea de enfermagem, observar suas pinturas das escalas de Quito, Lima e Quito.<\/li>\n<\/ul>\n<\/li>\n<\/ul>\n<p>&nbsp;<\/p>\n<table class=\"table table-bordered tours-tabs__table\" style=\"height: 233px;\" width=\"862\">\n<tbody>\n<tr style=\"height: 48px;\">\n<td style=\"height: 48px;\"><strong>LOCAL DE PARTIDA\/RETORNO<\/strong><\/td>\n<td style=\"height: 48px;\">Qualquer hotel localizado em Miraflores, San Isidro ou Barranco.<\/td>\n<\/tr>\n<tr style=\"height: 48px;\">\n<td style=\"height: 48px;\"><strong>DURA\u00c7AO<\/strong><\/td>\n<td style=\"height: 48px;\">9 horas. Nos d\u00edas Ter\u00e7a-feira Huaca Pucllana est\u00e1 fechada. Nos d\u00edas Segunda\u00adfeira Museu em Pueblo Libre, Mate e Pedro de Osma estarao fechados.<\/td>\n<\/tr>\n<tr style=\"height: 160px;\">\n<td style=\"height: 160px;\"><strong>INCLUI<\/strong><\/td>\n<td style=\"height: 160px;\">\n<table class=\"table table-bordered\" style=\"height: 62px;\" width=\"300\">\n<tbody>\n<tr>\n<td><i class=\"fa fa-check icon-tick icon-tick--on\"><\/i>Guia<\/td>\n<td><i class=\"fa fa-check icon-tick icon-tick--on\"><\/i>Transporte em minivan<\/td>\n<\/tr>\n<tr>\n<td><i class=\"fa fa-check icon-tick icon-tick--on\"><\/i>\u00c1gua engarrafada<\/td>\n<td><i class=\"fa fa-check icon-tick icon-tick--on\"><\/i>lngressos<\/td>\n<\/tr>\n<\/tbody>\n<\/table>\n<\/td>\n<\/tr>\n<\/tbody>\n<\/table>\n<p>&nbsp;<\/p>\n<p>Pre\u00e7o: Por pessoa: US$190 se sao 2; US$160 se sao 4; US$140 se sao 6 participantes. Poli poder ter um custo extra dependendo do d\u00eda.<\/p>\n<p>Em feriados importantes: Em Janeiro 1, Quinta-Feira Santa, Sexta-Fe ira Santa, Maio 1, Julho 28, Julho 29, Dezembro 24, 25 e 31 cobramos 50% mais.<\/p>\n<p><em><strong>Este <a href=\"https:\/\/www.limamentor.com\/pt-br\/sobmedida-tours-em-lima\/\">passeio pode ser adaptado<\/a> e podemos alterar o preco, dependendo do numero de participantes <\/strong><\/em><\/p>\n\n<div class=\"wpcf7 no-js\" id=\"wpcf7-f162-o1\" lang=\"en-US\" dir=\"ltr\" data-wpcf7-id=\"162\">\n<div class=\"screen-reader-response\"><p role=\"status\" aria-live=\"polite\" aria-atomic=\"true\"><\/p> <ul><\/ul><\/div>\n<form action=\"\/pt-br\/wp-json\/wp\/v2\/product\/5680#wpcf7-f162-o1\" method=\"post\" class=\"wpcf7-form init\" aria-label=\"Contact form\" novalidate=\"novalidate\" data-status=\"init\">\n<fieldset class=\"hidden-fields-container\"><input type=\"hidden\" name=\"_wpcf7\" value=\"162\" \/><input type=\"hidden\" name=\"_wpcf7_version\" value=\"6.1.5\" \/><input type=\"hidden\" name=\"_wpcf7_locale\" value=\"en_US\" \/><input type=\"hidden\" name=\"_wpcf7_unit_tag\" value=\"wpcf7-f162-o1\" \/><input type=\"hidden\" name=\"_wpcf7_container_post\" value=\"0\" \/><input type=\"hidden\" name=\"_wpcf7_posted_data_hash\" value=\"\" \/><input type=\"hidden\" name=\"_wpcf7_recaptcha_response\" value=\"\" \/>\n<\/fieldset>\n<div class=\"form-contact\">\n\t<div class=\"form-contact__fields-short\">\n\t\t<div class=\"form-contact__item-short\">\n\t\t\t<p><span class=\"wpcf7-form-control-wrap\" data-name=\"text-277\"><input size=\"40\" maxlength=\"400\" class=\"wpcf7-form-control wpcf7-text wpcf7-validates-as-required\" aria-required=\"true\" aria-invalid=\"false\" placeholder=\"Your name\" value=\"\" type=\"text\" name=\"text-277\" \/><\/span>\n\t\t\t<\/p>\n\t\t<\/div>\n\t\t<div class=\"form-contact__item-short\">\n\t\t\t<p><span class=\"wpcf7-form-control-wrap\" data-name=\"email-563\"><input size=\"40\" maxlength=\"400\" class=\"wpcf7-form-control wpcf7-email wpcf7-validates-as-required wpcf7-text wpcf7-validates-as-email\" aria-required=\"true\" aria-invalid=\"false\" placeholder=\"Email\" value=\"\" type=\"email\" name=\"email-563\" \/><\/span>\n\t\t\t<\/p>\n\t\t<\/div>\n\t<\/div>\n\t<div class=\"form-contact__fields-short\">\n\t\t<p><span class=\"wpcf7-form-control-wrap\" data-name=\"text-278\"><input size=\"40\" maxlength=\"400\" class=\"wpcf7-form-control wpcf7-text wpcf7-validates-as-required\" aria-required=\"true\" aria-invalid=\"false\" placeholder=\"Subject\" value=\"\" type=\"text\" name=\"text-278\" \/><\/span>\n\t\t<\/p>\n\t<\/div>\n\t<p><span class=\"wpcf7-form-control-wrap\" data-name=\"textarea-287\"><textarea cols=\"0\" rows=\"0\" maxlength=\"2000\" class=\"wpcf7-form-control wpcf7-textarea\" aria-invalid=\"false\" placeholder=\"Message\" name=\"textarea-287\"><\/textarea><\/span><br \/>\n<button type=\"submit\" class=\"button button--style1 button--with-icon\"><i class=\"fa fa-paper-plane\"><\/i>Send<\/button>\n\t<\/p>\n<\/div><div class=\"wpcf7-response-output\" aria-hidden=\"true\"><\/div>\n<\/form>\n<\/div>\n\n","protected":false},"excerpt":{"rendered":"<p>Neste passeio partilhamos o sabor de Lima, mostrando a heran\u00e7a antes da chegada dos espanh\u00f3is e a eleg\u00e2ncia do per\u00edodo espanhol durante a manh\u00e3. O almo\u00e7o \u00e9 livre, mas sugerimos uma das melhores &#8220;cevicherias&#8221; para saborear o peixe fresco da nossa pesca do dia. A tarde \u00e9 \u00e0 sua escolha, consoante a sua disposi\u00e7\u00e3o.<\/p>\n","protected":false},"featured_media":2029,"comment_status":"closed","ping_status":"closed","template":"","meta":[],"product_brand":[],"product_cat":[123,120],"product_tag":[],"class_list":{"0":"post-5680","1":"product","2":"type-product","3":"status-publish","4":"has-post-thumbnail","6":"product_cat-lima-is-more-pt-br","7":"product_cat-private-tours-pt-br","8":"tour_category-city-tours-pt-br","9":"tour_category-private-tours","11":"first","12":"instock","13":"shipping-taxable","14":"purchasable","15":"product-type-tour"},"_links":{"self":[{"href":"https:\/\/site.limamentor.com\/pt-br\/wp-json\/wp\/v2\/product\/5680","targetHints":{"allow":["GET"]}}],"collection":[{"href":"https:\/\/site.limamentor.com\/pt-br\/wp-json\/wp\/v2\/product"}],"about":[{"href":"https:\/\/site.limamentor.com\/pt-br\/wp-json\/wp\/v2\/types\/product"}],"replies":[{"embeddable":true,"href":"https:\/\/site.limamentor.com\/pt-br\/wp-json\/wp\/v2\/comments?post=5680"}],"wp:featuredmedia":[{"embeddable":true,"href":"https:\/\/site.limamentor.com\/pt-br\/wp-json\/wp\/v2\/media\/2029"}],"wp:attachment":[{"href":"https:\/\/site.limamentor.com\/pt-br\/wp-json\/wp\/v2\/media?parent=5680"}],"wp:term":[{"taxonomy":"product_brand","embeddable":true,"href":"https:\/\/site.limamentor.com\/pt-br\/wp-json\/wp\/v2\/product_brand?post=5680"},{"taxonomy":"product_cat","embeddable":true,"href":"https:\/\/site.limamentor.com\/pt-br\/wp-json\/wp\/v2\/product_cat?post=5680"},{"taxonomy":"product_tag","embeddable":true,"href":"https:\/\/site.limamentor.com\/pt-br\/wp-json\/wp\/v2\/product_tag?post=5680"}],"curies":[{"name":"wp","href":"https:\/\/api.w.org\/{rel}","templated":true}]}}