{"id":5690,"date":"2017-02-08T21:53:39","date_gmt":"2017-02-09T02:53:39","guid":{"rendered":"https:\/\/www.limamentor.com\/product\/huacas-larco-museum-by-night-with-dinner\/"},"modified":"2023-10-25T13:17:06","modified_gmt":"2023-10-25T18:17:06","slug":"huacas-larco-museum-by-night-with-dinner","status":"publish","type":"product","link":"https:\/\/site.limamentor.com\/pt-br\/tours\/huacas-larco-museum-by-night-with-dinner\/","title":{"rendered":"Huacas &#038; Museu Larco de Noite com Jantar"},"content":{"rendered":"<ul>\n<li>Observe a Huaca Pucllana, um complexo arqueol\u00f3gico no meio de Miraftores.<\/li>\n<li>Observe a Huaca Huallamarca, um complexo arqueol\u00f3gico no meio de San Isidro.<\/li>\n<li>Observe a Huaca Mateo Salado, um complexo arqueol\u00f3gico no meio de Pueblo Libre.<\/li>\n<li>Visita ao Museu Larco, a melhor colecao de arte pre-colombino em Peru.<\/li>\n<li>Jantar de pratos peruanos em Caf\u00e9 del Museo.<\/li>\n<\/ul>\n<p>&nbsp;<\/p>\n<h3>m\u00e1ximo 6 participantes<\/h3>\n<table class=\"table table-bordered tours-tabs__table\" style=\"height: 233px;\" width=\"862\">\n<tbody>\n<tr>\n<td><strong>LOCAL DE PARTIDA\/RETORNO<\/strong><\/td>\n<td>Tour come\u00e7a e termina em qualquer hotel de Miraflores ou San Isidro.<\/td>\n<\/tr>\n<tr>\n<td><strong>DURA\u00c7AO<\/strong><\/td>\n<td>7:30h &#8211; 21:30h De Segunda-Feira a Sexta-Feira<\/td>\n<\/tr>\n<tr>\n<td><strong>INCLUI<\/strong><\/td>\n<td>\n<table class=\"table table-bordered\" style=\"height: 62px;\" width=\"300\">\n<tbody>\n<tr>\n<td><i class=\"fa fa-check icon-tick icon-tick--on\"><\/i>Guia<\/td>\n<td><i class=\"fa fa-check icon-tick icon-tick--on\"><\/i>Transporte<\/td>\n<\/tr>\n<tr>\n<td><i class=\"fa fa-check icon-tick icon-tick--on\"><\/i>Jantar em 3 tempos.<\/td>\n<td><i class=\"fa fa-check icon-tick icon-tick--on\"><\/i>Entrada ao Museo Larco<\/td>\n<\/tr>\n<tr>\n<td><\/td>\n<td><\/td>\n<\/tr>\n<\/tbody>\n<\/table>\n<\/td>\n<\/tr>\n<\/tbody>\n<\/table>\n<p>&nbsp;<\/p>\n<p>Pre\u00e7o: Pre\u00e7o por pessoa, visita compartida, m\u00e1ximo 6 participantes: US$90 Tour em espanhol ou ingl\u00e9s.<\/p>\n<p>Em feriados importantes: Janeiro 1, Quinta-Feira Santa, Sexta-Feira Santa, Maio 1, Julho 28, Julho 29, Oezembro 24, 25 e 31 cobramos 50% mais.<\/p>\n<p><span style=\"font-size: 14pt;\"><strong>Este <a href=\"https:\/\/www.limamentor.com\/pt-br\/sobmedida-tours-em-lima\/\">passeio pode ser adaptado<\/a> e podemos alterar o preco, dependendo do n\u00famero de participantes.<\/strong><\/span><\/p>\n\n<div class=\"wpcf7 no-js\" id=\"wpcf7-f162-o1\" lang=\"en-US\" dir=\"ltr\" data-wpcf7-id=\"162\">\n<div class=\"screen-reader-response\"><p role=\"status\" aria-live=\"polite\" aria-atomic=\"true\"><\/p> <ul><\/ul><\/div>\n<form action=\"\/pt-br\/wp-json\/wp\/v2\/product\/5690#wpcf7-f162-o1\" method=\"post\" class=\"wpcf7-form init\" aria-label=\"Contact form\" novalidate=\"novalidate\" data-status=\"init\">\n<fieldset class=\"hidden-fields-container\"><input type=\"hidden\" name=\"_wpcf7\" value=\"162\" \/><input type=\"hidden\" name=\"_wpcf7_version\" value=\"6.1.5\" \/><input type=\"hidden\" name=\"_wpcf7_locale\" value=\"en_US\" \/><input type=\"hidden\" name=\"_wpcf7_unit_tag\" value=\"wpcf7-f162-o1\" \/><input type=\"hidden\" name=\"_wpcf7_container_post\" value=\"0\" \/><input type=\"hidden\" name=\"_wpcf7_posted_data_hash\" value=\"\" \/><input type=\"hidden\" name=\"_wpcf7_recaptcha_response\" value=\"\" \/>\n<\/fieldset>\n<div class=\"form-contact\">\n\t<div class=\"form-contact__fields-short\">\n\t\t<div class=\"form-contact__item-short\">\n\t\t\t<p><span class=\"wpcf7-form-control-wrap\" data-name=\"text-277\"><input size=\"40\" maxlength=\"400\" class=\"wpcf7-form-control wpcf7-text wpcf7-validates-as-required\" aria-required=\"true\" aria-invalid=\"false\" placeholder=\"Your name\" value=\"\" type=\"text\" name=\"text-277\" \/><\/span>\n\t\t\t<\/p>\n\t\t<\/div>\n\t\t<div class=\"form-contact__item-short\">\n\t\t\t<p><span class=\"wpcf7-form-control-wrap\" data-name=\"email-563\"><input size=\"40\" maxlength=\"400\" class=\"wpcf7-form-control wpcf7-email wpcf7-validates-as-required wpcf7-text wpcf7-validates-as-email\" aria-required=\"true\" aria-invalid=\"false\" placeholder=\"Email\" value=\"\" type=\"email\" name=\"email-563\" \/><\/span>\n\t\t\t<\/p>\n\t\t<\/div>\n\t<\/div>\n\t<div class=\"form-contact__fields-short\">\n\t\t<p><span class=\"wpcf7-form-control-wrap\" data-name=\"text-278\"><input size=\"40\" maxlength=\"400\" class=\"wpcf7-form-control wpcf7-text wpcf7-validates-as-required\" aria-required=\"true\" aria-invalid=\"false\" placeholder=\"Subject\" value=\"\" type=\"text\" name=\"text-278\" \/><\/span>\n\t\t<\/p>\n\t<\/div>\n\t<p><span class=\"wpcf7-form-control-wrap\" data-name=\"textarea-287\"><textarea cols=\"0\" rows=\"0\" maxlength=\"2000\" class=\"wpcf7-form-control wpcf7-textarea\" aria-invalid=\"false\" placeholder=\"Message\" name=\"textarea-287\"><\/textarea><\/span><br \/>\n<button type=\"submit\" class=\"button button--style1 button--with-icon\"><i class=\"fa fa-paper-plane\"><\/i>Send<\/button>\n\t<\/p>\n<\/div><div class=\"wpcf7-response-output\" aria-hidden=\"true\"><\/div>\n<\/form>\n<\/div>\n\n","protected":false},"excerpt":{"rendered":"<p>Aproveite o seu tempo \u00e0 noite para observar os dois s\u00edtios pr\u00e9-incas mais importantes que s\u00e3o iluminados \u00e0 noite, visitar o Museu Larco e ter um jantar agrad\u00e1vel com um jardim relaxante ao seu lado.<\/p>\n","protected":false},"featured_media":1901,"comment_status":"closed","ping_status":"closed","template":"","meta":[],"product_brand":[],"product_cat":[216,120],"product_tag":[],"class_list":{"0":"post-5690","1":"product","2":"type-product","3":"status-publish","4":"has-post-thumbnail","6":"product_cat-confirmed-tours-pt-br","7":"product_cat-private-tours-pt-br","8":"tour_category-confirmed-tours","10":"first","11":"instock","12":"purchasable","13":"product-type-tour"},"_links":{"self":[{"href":"https:\/\/site.limamentor.com\/pt-br\/wp-json\/wp\/v2\/product\/5690","targetHints":{"allow":["GET"]}}],"collection":[{"href":"https:\/\/site.limamentor.com\/pt-br\/wp-json\/wp\/v2\/product"}],"about":[{"href":"https:\/\/site.limamentor.com\/pt-br\/wp-json\/wp\/v2\/types\/product"}],"replies":[{"embeddable":true,"href":"https:\/\/site.limamentor.com\/pt-br\/wp-json\/wp\/v2\/comments?post=5690"}],"wp:featuredmedia":[{"embeddable":true,"href":"https:\/\/site.limamentor.com\/pt-br\/wp-json\/wp\/v2\/media\/1901"}],"wp:attachment":[{"href":"https:\/\/site.limamentor.com\/pt-br\/wp-json\/wp\/v2\/media?parent=5690"}],"wp:term":[{"taxonomy":"product_brand","embeddable":true,"href":"https:\/\/site.limamentor.com\/pt-br\/wp-json\/wp\/v2\/product_brand?post=5690"},{"taxonomy":"product_cat","embeddable":true,"href":"https:\/\/site.limamentor.com\/pt-br\/wp-json\/wp\/v2\/product_cat?post=5690"},{"taxonomy":"product_tag","embeddable":true,"href":"https:\/\/site.limamentor.com\/pt-br\/wp-json\/wp\/v2\/product_tag?post=5690"}],"curies":[{"name":"wp","href":"https:\/\/api.w.org\/{rel}","templated":true}]}}