{"id":5722,"date":"2017-02-03T21:53:39","date_gmt":"2017-02-03T21:53:39","guid":{"rendered":"https:\/\/www.limamentor.com\/product\/historical-homes-in-lima\/"},"modified":"2023-10-25T13:08:18","modified_gmt":"2023-10-25T18:08:18","slug":"historical-homes-in-lima","status":"publish","type":"product","link":"https:\/\/site.limamentor.com\/pt-br\/tours\/historical-homes-in-lima\/","title":{"rendered":"Meio dia: Monumentos Hist\u00f3ricos de Lima"},"content":{"rendered":"<ul>\n<li>Centro Hist\u00f3rico, Patrimonio Universal pela UNESCO, para explorar os per\u00edodos mais elegantes da historia.<\/li>\n<li>Visita a Casa Fernandini, urna propiedade exclusiva da gloriosa Lima do inicio de 1900.<\/li>\n<li>Visita a Casa de Aliaga, urna impressionante mansao pertencente \u00e1 mesma fam\u00edlia desde vice-reinado.<\/li>\n<li>Visita o t\u00edpico Bar Cordano para um coffee break ou pare em outro local da regiao.<\/li>\n<\/ul>\n<p>&nbsp;<\/p>\n<h3>m\u00e1ximo 6 participantes<\/h3>\n<table class=\"table table-bordered tours-tabs__table\" style=\"height: 233px;\" width=\"862\">\n<tbody>\n<tr>\n<td><strong>LOCAL DE PARTIDA\/RETORNO<br \/>\n<\/strong><\/td>\n<td>Come\u00e7o e fim em Miraflores ou San Isidro.<\/td>\n<\/tr>\n<tr>\n<td><strong>DURA\u00c7AO<\/strong><\/td>\n<td>14h &#8211; 17.30h De Segunda-Feira a Domingo.<\/td>\n<\/tr>\n<tr>\n<td><strong>INCLUI<br \/>\n<\/strong><\/td>\n<td>\n<table class=\"table table-bordered\" style=\"height: 62px;\" width=\"300\">\n<tbody>\n<tr>\n<td><i class=\"fa fa-check icon-tick icon-tick--on\"><\/i>Gu\u00eda<\/td>\n<td><i class=\"fa fa-check icon-tick icon-tick--on\"><\/i>Transporte<\/td>\n<\/tr>\n<tr>\n<td><i class=\"fa fa-check icon-tick icon-tick--on\"><\/i>Pausa para caf\u00e9<\/td>\n<td><i class=\"fa fa-check icon-tick icon-tick--on\"><\/i>Entradas<\/td>\n<\/tr>\n<tr>\n<td><\/td>\n<td><\/td>\n<\/tr>\n<\/tbody>\n<\/table>\n<\/td>\n<\/tr>\n<\/tbody>\n<\/table>\n<p>&nbsp;<\/p>\n<p>&nbsp;<\/p>\n<p>Price per person, shared visit in English or Spanish, maximum 6 participants: US$60<\/p>\n<p>Duration: 3.5 hours.<\/p>\n<p>On Main Holidays: (January 1st, Holy Thursday, Holy Friday, May 1st, July 28th and 29th, December 24, 25th and 31st) there is an additional cost of 50%.<\/p>\n<p>&nbsp;<\/p>\n<p>Pre\u00e7o por pessoa, visita compartilhada em espanhol ou ingl\u00e9s, m\u00e1ximo 6 participantes: US$60<\/p>\n<p>Em feriados importantes: Janeiro 1, Quinta-Feira Santa, Sexta-Feira Santa, Maio 1, Julho 28, Julho 29, Dezembro 24, 25 e 31 cobramos 50% mais.<\/p>\n<p><em><strong>Este <a href=\"https:\/\/www.limamentor.com\/pt-br\/sobmedida-tours-em-lima\/\">passeio pode ser adaptado<\/a> e podemos alterar o preco, dependendo do n\u00famero de pa,ticipantes<\/strong><\/em><\/p>\n\n<div class=\"wpcf7 no-js\" id=\"wpcf7-f162-o1\" lang=\"en-US\" dir=\"ltr\" data-wpcf7-id=\"162\">\n<div class=\"screen-reader-response\"><p role=\"status\" aria-live=\"polite\" aria-atomic=\"true\"><\/p> <ul><\/ul><\/div>\n<form action=\"\/pt-br\/wp-json\/wp\/v2\/product\/5722#wpcf7-f162-o1\" method=\"post\" class=\"wpcf7-form init\" aria-label=\"Contact form\" novalidate=\"novalidate\" data-status=\"init\">\n<fieldset class=\"hidden-fields-container\"><input type=\"hidden\" name=\"_wpcf7\" value=\"162\" \/><input type=\"hidden\" name=\"_wpcf7_version\" value=\"6.1.5\" \/><input type=\"hidden\" name=\"_wpcf7_locale\" value=\"en_US\" \/><input type=\"hidden\" name=\"_wpcf7_unit_tag\" value=\"wpcf7-f162-o1\" \/><input type=\"hidden\" name=\"_wpcf7_container_post\" value=\"0\" \/><input type=\"hidden\" name=\"_wpcf7_posted_data_hash\" value=\"\" \/><input type=\"hidden\" name=\"_wpcf7_recaptcha_response\" value=\"\" \/>\n<\/fieldset>\n<div class=\"form-contact\">\n\t<div class=\"form-contact__fields-short\">\n\t\t<div class=\"form-contact__item-short\">\n\t\t\t<p><span class=\"wpcf7-form-control-wrap\" data-name=\"text-277\"><input size=\"40\" maxlength=\"400\" class=\"wpcf7-form-control wpcf7-text wpcf7-validates-as-required\" aria-required=\"true\" aria-invalid=\"false\" placeholder=\"Your name\" value=\"\" type=\"text\" name=\"text-277\" \/><\/span>\n\t\t\t<\/p>\n\t\t<\/div>\n\t\t<div class=\"form-contact__item-short\">\n\t\t\t<p><span class=\"wpcf7-form-control-wrap\" data-name=\"email-563\"><input size=\"40\" maxlength=\"400\" class=\"wpcf7-form-control wpcf7-email wpcf7-validates-as-required wpcf7-text wpcf7-validates-as-email\" aria-required=\"true\" aria-invalid=\"false\" placeholder=\"Email\" value=\"\" type=\"email\" name=\"email-563\" \/><\/span>\n\t\t\t<\/p>\n\t\t<\/div>\n\t<\/div>\n\t<div class=\"form-contact__fields-short\">\n\t\t<p><span class=\"wpcf7-form-control-wrap\" data-name=\"text-278\"><input size=\"40\" maxlength=\"400\" class=\"wpcf7-form-control wpcf7-text wpcf7-validates-as-required\" aria-required=\"true\" aria-invalid=\"false\" placeholder=\"Subject\" value=\"\" type=\"text\" name=\"text-278\" \/><\/span>\n\t\t<\/p>\n\t<\/div>\n\t<p><span class=\"wpcf7-form-control-wrap\" data-name=\"textarea-287\"><textarea cols=\"0\" rows=\"0\" maxlength=\"2000\" class=\"wpcf7-form-control wpcf7-textarea\" aria-invalid=\"false\" placeholder=\"Message\" name=\"textarea-287\"><\/textarea><\/span><br \/>\n<button type=\"submit\" class=\"button button--style1 button--with-icon\"><i class=\"fa fa-paper-plane\"><\/i>Send<\/button>\n\t<\/p>\n<\/div><div class=\"wpcf7-response-output\" aria-hidden=\"true\"><\/div>\n<\/form>\n<\/div>\n\n","protected":false},"excerpt":{"rendered":"<p>Visite casas privadas exclusivas no Centro Hist\u00f3rico, incluindo uma do in\u00edcio de 1900 que \u00e9 utilizada principalmente para filmar filmes e eventos VIP, e dois edif\u00edcios coloniais que costumavam ser propriedade de fam\u00edlias aristocr\u00e1ticas espanholas.<\/p>\n","protected":false},"featured_media":2962,"comment_status":"closed","ping_status":"closed","template":"","meta":[],"product_brand":[],"product_cat":[120],"product_tag":[],"class_list":{"0":"post-5722","1":"product","2":"type-product","3":"status-publish","4":"has-post-thumbnail","6":"product_cat-private-tours-pt-br","7":"tour_category-confirmed-tours","9":"first","10":"instock","11":"purchasable","12":"product-type-tour"},"_links":{"self":[{"href":"https:\/\/site.limamentor.com\/pt-br\/wp-json\/wp\/v2\/product\/5722","targetHints":{"allow":["GET"]}}],"collection":[{"href":"https:\/\/site.limamentor.com\/pt-br\/wp-json\/wp\/v2\/product"}],"about":[{"href":"https:\/\/site.limamentor.com\/pt-br\/wp-json\/wp\/v2\/types\/product"}],"replies":[{"embeddable":true,"href":"https:\/\/site.limamentor.com\/pt-br\/wp-json\/wp\/v2\/comments?post=5722"}],"wp:featuredmedia":[{"embeddable":true,"href":"https:\/\/site.limamentor.com\/pt-br\/wp-json\/wp\/v2\/media\/2962"}],"wp:attachment":[{"href":"https:\/\/site.limamentor.com\/pt-br\/wp-json\/wp\/v2\/media?parent=5722"}],"wp:term":[{"taxonomy":"product_brand","embeddable":true,"href":"https:\/\/site.limamentor.com\/pt-br\/wp-json\/wp\/v2\/product_brand?post=5722"},{"taxonomy":"product_cat","embeddable":true,"href":"https:\/\/site.limamentor.com\/pt-br\/wp-json\/wp\/v2\/product_cat?post=5722"},{"taxonomy":"product_tag","embeddable":true,"href":"https:\/\/site.limamentor.com\/pt-br\/wp-json\/wp\/v2\/product_tag?post=5722"}],"curies":[{"name":"wp","href":"https:\/\/api.w.org\/{rel}","templated":true}]}}