{"id":5727,"date":"2017-02-06T16:53:39","date_gmt":"2017-02-06T21:53:39","guid":{"rendered":"https:\/\/www.limamentor.com\/product\/full-day-lima-experience\/"},"modified":"2023-09-26T10:03:09","modified_gmt":"2023-09-26T15:03:09","slug":"full-day-lima-experience","status":"publish","type":"product","link":"https:\/\/site.limamentor.com\/pt-br\/tours\/full-day-lima-experience\/","title":{"rendered":"Dia Inteiro Descobrindo Lima"},"content":{"rendered":"<ul>\n<li>Pachacamac, um impressionante Centro Cerimonial Pr\u00e9-lnca com vista para o mar.<\/li>\n<li>Um passeio por urna \u00e1rea natural protegida, pantanos no meio da cidade.<\/li>\n<li>Almo\u00e7o no bairro boemio de Barranco, em restaurante local que oferece o melhor da comida peruana.<\/li>\n<li>Centro hist\u00f3rico de Lima (s\u00edtio da Unesco), caminhe por suas ruas mais importantes para observar sua arquitetura, monumentos, bares tradicionais, etc.<\/li>\n<li>Visite o Convento de Sao Francisco, sua biblioteca solene e suas catacumbas arrepiantes.<\/li>\n<li>Circuito M\u00e1gico das \u00c1guas, onde desfrutaremos de um espet\u00e1culo \u00fanico de luzes, \u00e1gua, m\u00fasica e fotos.<\/li>\n<\/ul>\n<p>&nbsp;<\/p>\n<h3>m\u00e1ximo 6 participantes<\/h3>\n<table class=\"table table-bordered tours-tabs__table\" style=\"height: 233px;\" width=\"862\">\n<tbody>\n<tr>\n<td><strong>LOCAL DE PARTIDA\/RETORNO<\/strong><\/td>\n<td>A turne come\u00e7a e termina no hotel Mir aflores ou San Isidro.<\/td>\n<\/tr>\n<tr>\n<td><strong>DURA\u00c7AO<\/strong><\/td>\n<td>11 am &#8211; 8 pm de Ter\u00e7a Feira &#8211; Domingos<\/td>\n<\/tr>\n<tr>\n<td><strong>INCLUI<\/strong><\/td>\n<td>\n<table class=\"table table-bordered\" style=\"height: 62px;\" width=\"300\">\n<tbody>\n<tr>\n<td><i class=\"fa fa-check icon-tick icon-tick--on\"><\/i>Gu\u00eda<\/td>\n<td><i class=\"fa fa-check icon-tick icon-tick--on\"><\/i>Transporte<\/td>\n<\/tr>\n<tr>\n<td><i class=\"fa fa-check icon-tick icon-tick--on\"><\/i>Almo\u00e7o<\/td>\n<td><i class=\"fa fa-check icon-tick icon-tick--on\"><\/i>Entrada<\/td>\n<\/tr>\n<tr>\n<td><\/td>\n<td><\/td>\n<\/tr>\n<\/tbody>\n<\/table>\n<\/td>\n<\/tr>\n<\/tbody>\n<\/table>\n<p>&nbsp;<\/p>\n<p>Pre\u00e7o: Pre\u00e7o por pessoa, visita compartilhada em espanhol ou ingl\u00e9s: US$150<\/p>\n<p><em><strong>Este <a href=\"https:\/\/www.limamentor.com\/pt-br\/sobmedida-tours-em-lima\/\">passeio pode ser adaptado<\/a> e podemos alterar o preco, dependendo do n\u00famero de participantes<\/strong><\/em><\/p>\n<ul>\n<li style=\"list-style-type: none;\"><strong>*Vo\u00e7e pode cancelar o passeio at\u00e9 12 horas antes sem taxas de cancelamento.<br \/>\n*Criancas at\u00e9 12 anos tem 50% de desconto.<br \/>\n*Em feriados importantes: Janeiro 1, Quinta-Feira Santa, Sexta-Feira Santa, Maio 1, Julho 28, Julho 29, Dezembro 24, 25 e 31 cobramos 50% mais.<br \/>\n<\/strong><\/li>\n<\/ul>\n<p><strong>Faca seu orcamento agora&#8217; Basta nos enviar urna mensagem, entraremos em contato o mais breve poss\u00edvel.<\/strong><\/p>\n\n<div class=\"wpcf7 no-js\" id=\"wpcf7-f162-o1\" lang=\"en-US\" dir=\"ltr\" data-wpcf7-id=\"162\">\n<div class=\"screen-reader-response\"><p role=\"status\" aria-live=\"polite\" aria-atomic=\"true\"><\/p> <ul><\/ul><\/div>\n<form action=\"\/pt-br\/wp-json\/wp\/v2\/product\/5727#wpcf7-f162-o1\" method=\"post\" class=\"wpcf7-form init\" aria-label=\"Contact form\" novalidate=\"novalidate\" data-status=\"init\">\n<fieldset class=\"hidden-fields-container\"><input type=\"hidden\" name=\"_wpcf7\" value=\"162\" \/><input type=\"hidden\" name=\"_wpcf7_version\" value=\"6.1.5\" \/><input type=\"hidden\" name=\"_wpcf7_locale\" value=\"en_US\" \/><input type=\"hidden\" name=\"_wpcf7_unit_tag\" value=\"wpcf7-f162-o1\" \/><input type=\"hidden\" name=\"_wpcf7_container_post\" value=\"0\" \/><input type=\"hidden\" name=\"_wpcf7_posted_data_hash\" value=\"\" \/><input type=\"hidden\" name=\"_wpcf7_recaptcha_response\" value=\"\" \/>\n<\/fieldset>\n<div class=\"form-contact\">\n\t<div class=\"form-contact__fields-short\">\n\t\t<div class=\"form-contact__item-short\">\n\t\t\t<p><span class=\"wpcf7-form-control-wrap\" data-name=\"text-277\"><input size=\"40\" maxlength=\"400\" class=\"wpcf7-form-control wpcf7-text wpcf7-validates-as-required\" aria-required=\"true\" aria-invalid=\"false\" placeholder=\"Your name\" value=\"\" type=\"text\" name=\"text-277\" \/><\/span>\n\t\t\t<\/p>\n\t\t<\/div>\n\t\t<div class=\"form-contact__item-short\">\n\t\t\t<p><span class=\"wpcf7-form-control-wrap\" data-name=\"email-563\"><input size=\"40\" maxlength=\"400\" class=\"wpcf7-form-control wpcf7-email wpcf7-validates-as-required wpcf7-text wpcf7-validates-as-email\" aria-required=\"true\" aria-invalid=\"false\" placeholder=\"Email\" value=\"\" type=\"email\" name=\"email-563\" \/><\/span>\n\t\t\t<\/p>\n\t\t<\/div>\n\t<\/div>\n\t<div class=\"form-contact__fields-short\">\n\t\t<p><span class=\"wpcf7-form-control-wrap\" data-name=\"text-278\"><input size=\"40\" maxlength=\"400\" class=\"wpcf7-form-control wpcf7-text wpcf7-validates-as-required\" aria-required=\"true\" aria-invalid=\"false\" placeholder=\"Subject\" value=\"\" type=\"text\" name=\"text-278\" \/><\/span>\n\t\t<\/p>\n\t<\/div>\n\t<p><span class=\"wpcf7-form-control-wrap\" data-name=\"textarea-287\"><textarea cols=\"0\" rows=\"0\" maxlength=\"2000\" class=\"wpcf7-form-control wpcf7-textarea\" aria-invalid=\"false\" placeholder=\"Message\" name=\"textarea-287\"><\/textarea><\/span><br \/>\n<button type=\"submit\" class=\"button button--style1 button--with-icon\"><i class=\"fa fa-paper-plane\"><\/i>Send<\/button>\n\t<\/p>\n<\/div><div class=\"wpcf7-response-output\" aria-hidden=\"true\"><\/div>\n<\/form>\n<\/div>\n\n","protected":false},"excerpt":{"rendered":"<p>Visite as diferentes caracter\u00edsticas desta cidade, desde o patrim\u00f3nio pr\u00e9-hisp\u00e2nico at\u00e9 \u00e0 zona colonial, lugares tradicionais e a Lima moderna.<\/p>\n","protected":false},"featured_media":1967,"comment_status":"closed","ping_status":"closed","template":"","meta":[],"product_brand":[],"product_cat":[120],"product_tag":[],"class_list":{"0":"post-5727","1":"product","2":"type-product","3":"status-publish","4":"has-post-thumbnail","6":"product_cat-private-tours-pt-br","7":"tour_category-confirmed-tours","9":"first","10":"instock","11":"purchasable","12":"product-type-tour"},"_links":{"self":[{"href":"https:\/\/site.limamentor.com\/pt-br\/wp-json\/wp\/v2\/product\/5727","targetHints":{"allow":["GET"]}}],"collection":[{"href":"https:\/\/site.limamentor.com\/pt-br\/wp-json\/wp\/v2\/product"}],"about":[{"href":"https:\/\/site.limamentor.com\/pt-br\/wp-json\/wp\/v2\/types\/product"}],"replies":[{"embeddable":true,"href":"https:\/\/site.limamentor.com\/pt-br\/wp-json\/wp\/v2\/comments?post=5727"}],"wp:featuredmedia":[{"embeddable":true,"href":"https:\/\/site.limamentor.com\/pt-br\/wp-json\/wp\/v2\/media\/1967"}],"wp:attachment":[{"href":"https:\/\/site.limamentor.com\/pt-br\/wp-json\/wp\/v2\/media?parent=5727"}],"wp:term":[{"taxonomy":"product_brand","embeddable":true,"href":"https:\/\/site.limamentor.com\/pt-br\/wp-json\/wp\/v2\/product_brand?post=5727"},{"taxonomy":"product_cat","embeddable":true,"href":"https:\/\/site.limamentor.com\/pt-br\/wp-json\/wp\/v2\/product_cat?post=5727"},{"taxonomy":"product_tag","embeddable":true,"href":"https:\/\/site.limamentor.com\/pt-br\/wp-json\/wp\/v2\/product_tag?post=5727"}],"curies":[{"name":"wp","href":"https:\/\/api.w.org\/{rel}","templated":true}]}}