{"id":5735,"date":"2017-02-11T10:27:04","date_gmt":"2017-02-11T15:27:04","guid":{"rendered":"https:\/\/www.limamentor.com\/product\/full-day-walking-in-the-historic-center-of-lima\/"},"modified":"2023-10-25T12:34:19","modified_gmt":"2023-10-25T17:34:19","slug":"full-day-walking-in-the-historic-center-of-lima","status":"publish","type":"product","link":"https:\/\/site.limamentor.com\/pt-br\/tours\/full-day-walking-in-the-historic-center-of-lima\/","title":{"rendered":"Dia Entero Caminhando no Centro Hist\u00f3rico de Lima"},"content":{"rendered":"<ul>\n<li>Um dia completo dedicado a esta cidade UNESCO, urna vez a mais elegante e importante cidade em Am\u00e9rica do Sul durante o vice-reinado. Pela manha, os recolhemos de seu hotel para ser trasladados a \u00e1rea hist\u00f3rica.<\/li>\n<li>Come\u00e7ar\u00e1 num dos primeiros loca is da primeira universidade de Am\u00e9rica: a Universidade Mayor de San Marcos, que agora \u00e9 seu centro cultural chamado &#8220;La Casona de San Marcos&#8221;.<br \/>\n\u2022Continuamos para a Pra\u00e7a San Mart\u00edn, passando logo por Jr. De la Uni\u00f3n, urna rua de pedestres onde poderemos observar casas que sao patrimonio nacional. Visitar\u00e1 a &#8220;Casa O&#8217;Higgins\u00b7, onde em ocasi\u00e9\u00edes h\u00e1 exibi\u00e7\u00e9\u00edes de arte popular. Seguimos o percurso para os teatros Municipal e Segura, deis dos mais importantes na cidade e continuaremos para a &#8220;Plaza Mayor&#8221;.<\/li>\n<li>Lego, caminharemos para a &#8220;Casa Osambela&#8221;, urna casa que data do s\u00e9culo XVIII de fina arquitetura. Poder\u00e1 entrar e visitar a casa que urna vez pertenceu a um rico marinho;<\/li>\n<li>&#8220;Convento de Santo Domingo&#8221;, aqui poderao subir a torre, onde ter\u00e1 urna vista espetacular de Lima.<br \/>\n&#8220;Casa de Aliaga&#8221;, urna casa situada perto a &#8220;Palacio de Gobierno\u00b7 pertencente a mesma fam\u00edlia desde a \u00e9poca de vice-reinado.<\/li>\n<li>De a\u00ed, a s\u00f3 um par de quadras chegaremos ao &#8220;Bar Cordano&#8221; um dos bares tradicionais mais antigos da Lima, onde degustaremos a &#8220;butifarra\u00b7, um tradicional sandu\u00edche de presunto ou outros pratos tradicionais da comida peruana.<\/li>\n<li>Convento de San Francisco e o Parque da Muralha, onde se podem encontrar restos da velha muralha que em tempos coloniais rodeava a cidade.<\/li>\n<li>Em seguida, conhecemos a lgreja de San Pedro, impressionante pelo todos os altares em folha de curo e caminhar ao longo dos balcoes de Palacio.<\/li>\n<li>Finalmente, caminhamos ao bairro chines, onde se instalaram os imigrantes de China no meio dos 1800. Poder\u00e1 provar algo da mistura da comida Peruano-Chinesa.<\/li>\n<li>Traslado ao hotel na confort\u00e1vel van.<\/li>\n<\/ul>\n<p>&nbsp;<\/p>\n<table class=\"table table-bordered tours-tabs__table\" style=\"height: 233px;\" width=\"862\">\n<tbody>\n<tr>\n<td><strong>LOCAL DE PARTIDA\/RETORNO<\/strong><\/td>\n<td>Come\u00e7a e termina no Hotel de Miraflores, San Isidro ou Barranco.<\/td>\n<\/tr>\n<tr>\n<td><strong>DURA\u00c7AO<\/strong><\/td>\n<td>8 horas<\/td>\n<\/tr>\n<tr>\n<td><strong>INCLUI<\/strong><\/td>\n<td>\n<table class=\"table table-bordered\" style=\"height: 62px;\" width=\"300\">\n<tbody>\n<tr>\n<td><i class=\"fa fa-check icon-tick icon-tick--on\"><\/i>Guia em portugues<\/td>\n<td><i class=\"fa fa-check icon-tick icon-tick--on\"><\/i>Transporte em minivan<\/td>\n<\/tr>\n<tr>\n<td><i class=\"fa fa-check icon-tick icon-tick--on\"><\/i>\u00c1gua engarrafada<\/td>\n<td><i class=\"fa fa-check icon-tick icon-tick--on\"><\/i>lngressos<\/td>\n<\/tr>\n<tr>\n<td><i class=\"fa fa-check icon-tick icon-tick--on\"><\/i>Almo\u00e7o<\/td>\n<td><\/td>\n<\/tr>\n<\/tbody>\n<\/table>\n<\/td>\n<\/tr>\n<\/tbody>\n<\/table>\n<p>&nbsp;<\/p>\n<p>Pre\u00e7o Por pessoa:<br \/>\nUS$165 se sao 2 participantes;<br \/>\nUS$140 se sao 4 participantes;<br \/>\nUS$120 se sao 6 participantes.<\/p>\n<p>Em feriados importantes: Janeiro 1, Quinta-Feira Santa, Sexta-Feira Santa, Maio 1, Julho 28, Julho 29, Dezembro 24, 25 e 31 cobramos 50% mais.<\/p>\n<p><em><strong>Este <a href=\"https:\/\/www.limamentor.com\/pt-br\/sobmedida-tours-em-lima\/\">passeio pode ser adaptado<\/a> e podemos alterar o preco, dependendo do numero de participantes <\/strong><\/em><\/p>\n\n<div class=\"wpcf7 no-js\" id=\"wpcf7-f162-o1\" lang=\"en-US\" dir=\"ltr\" data-wpcf7-id=\"162\">\n<div class=\"screen-reader-response\"><p role=\"status\" aria-live=\"polite\" aria-atomic=\"true\"><\/p> <ul><\/ul><\/div>\n<form action=\"\/pt-br\/wp-json\/wp\/v2\/product\/5735#wpcf7-f162-o1\" method=\"post\" class=\"wpcf7-form init\" aria-label=\"Contact form\" novalidate=\"novalidate\" data-status=\"init\">\n<fieldset class=\"hidden-fields-container\"><input type=\"hidden\" name=\"_wpcf7\" value=\"162\" \/><input type=\"hidden\" name=\"_wpcf7_version\" value=\"6.1.5\" \/><input type=\"hidden\" name=\"_wpcf7_locale\" value=\"en_US\" \/><input type=\"hidden\" name=\"_wpcf7_unit_tag\" value=\"wpcf7-f162-o1\" \/><input type=\"hidden\" name=\"_wpcf7_container_post\" value=\"0\" \/><input type=\"hidden\" name=\"_wpcf7_posted_data_hash\" value=\"\" \/><input type=\"hidden\" name=\"_wpcf7_recaptcha_response\" value=\"\" \/>\n<\/fieldset>\n<div class=\"form-contact\">\n\t<div class=\"form-contact__fields-short\">\n\t\t<div class=\"form-contact__item-short\">\n\t\t\t<p><span class=\"wpcf7-form-control-wrap\" data-name=\"text-277\"><input size=\"40\" maxlength=\"400\" class=\"wpcf7-form-control wpcf7-text wpcf7-validates-as-required\" aria-required=\"true\" aria-invalid=\"false\" placeholder=\"Your name\" value=\"\" type=\"text\" name=\"text-277\" \/><\/span>\n\t\t\t<\/p>\n\t\t<\/div>\n\t\t<div class=\"form-contact__item-short\">\n\t\t\t<p><span class=\"wpcf7-form-control-wrap\" data-name=\"email-563\"><input size=\"40\" maxlength=\"400\" class=\"wpcf7-form-control wpcf7-email wpcf7-validates-as-required wpcf7-text wpcf7-validates-as-email\" aria-required=\"true\" aria-invalid=\"false\" placeholder=\"Email\" value=\"\" type=\"email\" name=\"email-563\" \/><\/span>\n\t\t\t<\/p>\n\t\t<\/div>\n\t<\/div>\n\t<div class=\"form-contact__fields-short\">\n\t\t<p><span class=\"wpcf7-form-control-wrap\" data-name=\"text-278\"><input size=\"40\" maxlength=\"400\" class=\"wpcf7-form-control wpcf7-text wpcf7-validates-as-required\" aria-required=\"true\" aria-invalid=\"false\" placeholder=\"Subject\" value=\"\" type=\"text\" name=\"text-278\" \/><\/span>\n\t\t<\/p>\n\t<\/div>\n\t<p><span class=\"wpcf7-form-control-wrap\" data-name=\"textarea-287\"><textarea cols=\"0\" rows=\"0\" maxlength=\"2000\" class=\"wpcf7-form-control wpcf7-textarea\" aria-invalid=\"false\" placeholder=\"Message\" name=\"textarea-287\"><\/textarea><\/span><br \/>\n<button type=\"submit\" class=\"button button--style1 button--with-icon\"><i class=\"fa fa-paper-plane\"><\/i>Send<\/button>\n\t<\/p>\n<\/div><div class=\"wpcf7-response-output\" aria-hidden=\"true\"><\/div>\n<\/form>\n<\/div>\n\n","protected":false},"excerpt":{"rendered":"<p>Desfrute de um dia inteiro a explorar todos os cantos do Centro Hist\u00f3rico de Lima, patrim\u00f3nio mundial da UNESCO. Entre em casas hist\u00f3ricas, visite conventos coloniais, visite mercados, parques e museus.<\/p>\n","protected":false},"featured_media":1973,"comment_status":"closed","ping_status":"closed","template":"","meta":[],"product_brand":[],"product_cat":[123],"product_tag":[],"class_list":{"0":"post-5735","1":"product","2":"type-product","3":"status-publish","4":"has-post-thumbnail","6":"product_cat-lima-is-more-pt-br","7":"tour_category-private-tours","9":"first","10":"instock","11":"shipping-taxable","12":"purchasable","13":"product-type-tour"},"_links":{"self":[{"href":"https:\/\/site.limamentor.com\/pt-br\/wp-json\/wp\/v2\/product\/5735","targetHints":{"allow":["GET"]}}],"collection":[{"href":"https:\/\/site.limamentor.com\/pt-br\/wp-json\/wp\/v2\/product"}],"about":[{"href":"https:\/\/site.limamentor.com\/pt-br\/wp-json\/wp\/v2\/types\/product"}],"replies":[{"embeddable":true,"href":"https:\/\/site.limamentor.com\/pt-br\/wp-json\/wp\/v2\/comments?post=5735"}],"wp:featuredmedia":[{"embeddable":true,"href":"https:\/\/site.limamentor.com\/pt-br\/wp-json\/wp\/v2\/media\/1973"}],"wp:attachment":[{"href":"https:\/\/site.limamentor.com\/pt-br\/wp-json\/wp\/v2\/media?parent=5735"}],"wp:term":[{"taxonomy":"product_brand","embeddable":true,"href":"https:\/\/site.limamentor.com\/pt-br\/wp-json\/wp\/v2\/product_brand?post=5735"},{"taxonomy":"product_cat","embeddable":true,"href":"https:\/\/site.limamentor.com\/pt-br\/wp-json\/wp\/v2\/product_cat?post=5735"},{"taxonomy":"product_tag","embeddable":true,"href":"https:\/\/site.limamentor.com\/pt-br\/wp-json\/wp\/v2\/product_tag?post=5735"}],"curies":[{"name":"wp","href":"https:\/\/api.w.org\/{rel}","templated":true}]}}