{"id":5771,"date":"2017-02-12T09:26:36","date_gmt":"2017-02-12T14:26:36","guid":{"rendered":"https:\/\/www.limamentor.com\/product\/sustainable-tour\/"},"modified":"2023-10-20T10:34:20","modified_gmt":"2023-10-20T15:34:20","slug":"sustainable-tour","status":"publish","type":"product","link":"https:\/\/site.limamentor.com\/pt-br\/tours\/sustainable-tour\/","title":{"rendered":"Sustainable Tour"},"content":{"rendered":"<ul>\n<li>Hoje vamos aprender como os imigrantes das prov\u00edncias estao progredindo no novo distrito de Villa El Salvador, um dos maiores bairros nos sub\u00farbios da capital Lima.<\/li>\n<li>Visite o restaurante da comunidade onde nossa amiga Julia prepara o almo\u00e7o para a maior parte da comunidade de trabalho a pre\u00e7os muito baixos; este \u00e9 um projeto apoiado pelo governo.<\/li>\n<li>Visita o novo centro especializado em produtos de madeira e loja de m\u00f3veis para casa, oferecendo todas para as fam\u00edlias de classe m\u00e9dia do Lima. A parada especial em urna loja de artesanato, que faz<br \/>\ndecora\u00e7ao de madeira em estilo colonial feito geralmente para exporta\u00e7ao onde voce tem a oportunidade de comprar os seus produtos para ajudar o seu projeto e obras.<\/li>\n<li>Em nosso roteiro tamb\u00e9m vamos apreciar a bela vista do Vale do Lurin e do Oceano Pac\u00edfico, enquanto o nosso guia ir\u00e1 compartilhando com voce todo esse processo social.<\/li>\n<\/ul>\n<p>&nbsp;<\/p>\n<table class=\"table table-bordered tours-tabs__table\" style=\"height: 233px;\" width=\"862\">\n<tbody>\n<tr>\n<td><strong>DURA\u00c7AO<br \/>\n<\/strong><\/td>\n<td>3 1\/2 horas<\/td>\n<\/tr>\n<tr>\n<td><strong>INCLUI<\/strong><\/td>\n<td>\n<table class=\"table table-bordered\" style=\"height: 62px;\" width=\"300\">\n<tbody>\n<tr>\n<td><i class=\"fa fa-check icon-tick icon-tick--on\"><\/i>Guia<\/td>\n<td><i class=\"fa fa-check icon-tick icon-tick--on\"><\/i>Transporte em minivan<\/td>\n<\/tr>\n<tr>\n<td><i class=\"fa fa-check icon-tick icon-tick--on\"><\/i>\u00c1gua engarrafada<\/td>\n<td><\/td>\n<\/tr>\n<\/tbody>\n<\/table>\n<\/td>\n<\/tr>\n<\/tbody>\n<\/table>\n<p>&nbsp;<\/p>\n<p>Pre\u00e7o Por pessoa:<br \/>\nUS$70 se sao 2 participantes;<br \/>\nUS$50 se sao 4 participantes;<br \/>\nUS$40 se sao 6 participantes.<\/p>\n<p>Em feriados importantes: Em Janeiro 1, Quinta-Feira Santa, Sexta-Fe ira Santa, Maio 1, Julho 28, Julho 29, Oezembro 24, 25 e 31 cobramos 50% mais.<\/p>\n<p><strong>Este<a href=\"https:\/\/www.limamentor.com\/pt-br\/sobmedida-tours-em-lima\/\"> passeio pode ser adaptado<\/a> e podemos alterar o preco, dependendo do numero de participantes.<\/strong><\/p>\n\n<div class=\"wpcf7 no-js\" id=\"wpcf7-f162-o1\" lang=\"en-US\" dir=\"ltr\" data-wpcf7-id=\"162\">\n<div class=\"screen-reader-response\"><p role=\"status\" aria-live=\"polite\" aria-atomic=\"true\"><\/p> <ul><\/ul><\/div>\n<form action=\"\/pt-br\/wp-json\/wp\/v2\/product\/5771#wpcf7-f162-o1\" method=\"post\" class=\"wpcf7-form init\" aria-label=\"Contact form\" novalidate=\"novalidate\" data-status=\"init\">\n<fieldset class=\"hidden-fields-container\"><input type=\"hidden\" name=\"_wpcf7\" value=\"162\" \/><input type=\"hidden\" name=\"_wpcf7_version\" value=\"6.1.5\" \/><input type=\"hidden\" name=\"_wpcf7_locale\" value=\"en_US\" \/><input type=\"hidden\" name=\"_wpcf7_unit_tag\" value=\"wpcf7-f162-o1\" \/><input type=\"hidden\" name=\"_wpcf7_container_post\" value=\"0\" \/><input type=\"hidden\" name=\"_wpcf7_posted_data_hash\" value=\"\" \/><input type=\"hidden\" name=\"_wpcf7_recaptcha_response\" value=\"\" \/>\n<\/fieldset>\n<div class=\"form-contact\">\n\t<div class=\"form-contact__fields-short\">\n\t\t<div class=\"form-contact__item-short\">\n\t\t\t<p><span class=\"wpcf7-form-control-wrap\" data-name=\"text-277\"><input size=\"40\" maxlength=\"400\" class=\"wpcf7-form-control wpcf7-text wpcf7-validates-as-required\" aria-required=\"true\" aria-invalid=\"false\" placeholder=\"Your name\" value=\"\" type=\"text\" name=\"text-277\" \/><\/span>\n\t\t\t<\/p>\n\t\t<\/div>\n\t\t<div class=\"form-contact__item-short\">\n\t\t\t<p><span class=\"wpcf7-form-control-wrap\" data-name=\"email-563\"><input size=\"40\" maxlength=\"400\" class=\"wpcf7-form-control wpcf7-email wpcf7-validates-as-required wpcf7-text wpcf7-validates-as-email\" aria-required=\"true\" aria-invalid=\"false\" placeholder=\"Email\" value=\"\" type=\"email\" name=\"email-563\" \/><\/span>\n\t\t\t<\/p>\n\t\t<\/div>\n\t<\/div>\n\t<div class=\"form-contact__fields-short\">\n\t\t<p><span class=\"wpcf7-form-control-wrap\" data-name=\"text-278\"><input size=\"40\" maxlength=\"400\" class=\"wpcf7-form-control wpcf7-text wpcf7-validates-as-required\" aria-required=\"true\" aria-invalid=\"false\" placeholder=\"Subject\" value=\"\" type=\"text\" name=\"text-278\" \/><\/span>\n\t\t<\/p>\n\t<\/div>\n\t<p><span class=\"wpcf7-form-control-wrap\" data-name=\"textarea-287\"><textarea cols=\"0\" rows=\"0\" maxlength=\"2000\" class=\"wpcf7-form-control wpcf7-textarea\" aria-invalid=\"false\" placeholder=\"Message\" name=\"textarea-287\"><\/textarea><\/span><br \/>\n<button type=\"submit\" class=\"button button--style1 button--with-icon\"><i class=\"fa fa-paper-plane\"><\/i>Send<\/button>\n\t<\/p>\n<\/div><div class=\"wpcf7-response-output\" aria-hidden=\"true\"><\/div>\n<\/form>\n<\/div>\n\n","protected":false},"excerpt":{"rendered":"<p>Uma visita para saber como os imigrantes est\u00e3o a fazer crescer a sua economia na grande capital de Lima. Vamos partilhar com eles uma manh\u00e3 produtiva.<\/p>\n","protected":false},"featured_media":2085,"comment_status":"closed","ping_status":"closed","template":"","meta":[],"product_brand":[],"product_cat":[123],"product_tag":[],"class_list":{"0":"post-5771","1":"product","2":"type-product","3":"status-publish","4":"has-post-thumbnail","6":"product_cat-lima-is-more-pt-br","7":"tour_category-private-tours","9":"first","10":"instock","11":"shipping-taxable","12":"purchasable","13":"product-type-tour"},"_links":{"self":[{"href":"https:\/\/site.limamentor.com\/pt-br\/wp-json\/wp\/v2\/product\/5771","targetHints":{"allow":["GET"]}}],"collection":[{"href":"https:\/\/site.limamentor.com\/pt-br\/wp-json\/wp\/v2\/product"}],"about":[{"href":"https:\/\/site.limamentor.com\/pt-br\/wp-json\/wp\/v2\/types\/product"}],"replies":[{"embeddable":true,"href":"https:\/\/site.limamentor.com\/pt-br\/wp-json\/wp\/v2\/comments?post=5771"}],"wp:featuredmedia":[{"embeddable":true,"href":"https:\/\/site.limamentor.com\/pt-br\/wp-json\/wp\/v2\/media\/2085"}],"wp:attachment":[{"href":"https:\/\/site.limamentor.com\/pt-br\/wp-json\/wp\/v2\/media?parent=5771"}],"wp:term":[{"taxonomy":"product_brand","embeddable":true,"href":"https:\/\/site.limamentor.com\/pt-br\/wp-json\/wp\/v2\/product_brand?post=5771"},{"taxonomy":"product_cat","embeddable":true,"href":"https:\/\/site.limamentor.com\/pt-br\/wp-json\/wp\/v2\/product_cat?post=5771"},{"taxonomy":"product_tag","embeddable":true,"href":"https:\/\/site.limamentor.com\/pt-br\/wp-json\/wp\/v2\/product_tag?post=5771"}],"curies":[{"name":"wp","href":"https:\/\/api.w.org\/{rel}","templated":true}]}}