{"id":5843,"date":"2017-02-17T00:27:30","date_gmt":"2017-02-17T05:27:30","guid":{"rendered":"https:\/\/www.limamentor.com\/product\/full-day-caral-huaura-lomas-de-lachay\/"},"modified":"2023-10-25T12:57:24","modified_gmt":"2023-10-25T17:57:24","slug":"full-day-caral-huaura-lomas-de-lachay","status":"publish","type":"product","link":"https:\/\/site.limamentor.com\/pt-br\/tours\/full-day-caral-huaura-lomas-de-lachay\/","title":{"rendered":"Dia Completo Caral, Huaura &#038; Lomas de Lachay"},"content":{"rendered":"<ul>\n<li>N\u00f3s come\u00e7amos 6h de Lima, paramos no km 77,5 (cerca de 7h) no Restaurante OelPino para tomar um caf\u00e9 e para testar os torresmos e cutres cl\u00e1ssicos do caf\u00e9 de manha peruano.<\/li>\n<li>N\u00f3s dirigimos 2 horas mais para chegar a Caral, onde chegamos por volta das 10h para visitar a cidade mais antiga da Am\u00e9rica, contemporaneo, com a antiga Mesopotamia e as pira mides do Egito.<\/li>\n<li>As 11.30 h partimos em dire\u00e7ao Huaura (a urna hora em nosso transporte) e visitamos a famosa varanda, de onde foi declarada pela primeira vez a independencia do Peru da vice-realeza de Espanha pelo Libertador San Mart\u00edn. Visitamos esta linda casa e museu.<\/li>\n<li>Em seguida, vamos para as Lomas de Lachay, urna \u00e1rea protegida de 12,500 acres {5,070 hectares) distinguindo-se em seu ecossistema \u00famido com variedades de plantas e anima is. Caminhamos urna curta distancia de 30 minutos e, em seguida, o piquenique.<\/li>\n<li>Em torno das 3h, vamos iniciar o caminho de volta para Lima, onde vamos estar chegando em torno 6-7pm.<\/li>\n<\/ul>\n<p>&nbsp;<\/p>\n<table class=\"table table-bordered tours-tabs__table\" style=\"height: 233px;\" width=\"862\">\n<tbody>\n<tr>\n<td><strong>LOCAL DE PARTIDA\/RETORNO<\/strong><\/td>\n<td>Come\u00e7a e termina no Hotel de Miraflores, San Isidro ou Barranco<\/td>\n<\/tr>\n<tr>\n<td><strong>DURA\u00c7AO<\/strong><\/td>\n<td>12 horas<\/td>\n<\/tr>\n<tr>\n<td><strong>INCLUI<\/strong><\/td>\n<td>\n<table class=\"table table-bordered\" style=\"height: 62px;\" width=\"300\">\n<tbody>\n<tr>\n<td><i class=\"fa fa-check icon-tick icon-tick--on\"><\/i>Guia em portugues<\/td>\n<td><i class=\"fa fa-check icon-tick icon-tick--on\"><\/i>Transporte em minivan<\/td>\n<\/tr>\n<tr>\n<td><i class=\"fa fa-check icon-tick icon-tick--on\"><\/i>\u00c1gua engarrafada<\/td>\n<td><i class=\"fa fa-check icon-tick icon-tick--on\"><\/i>Entradas<\/td>\n<\/tr>\n<tr>\n<td><i class=\"fa fa-check icon-tick icon-tick--on\"><\/i>Almo\u00e7o<\/td>\n<td><\/td>\n<\/tr>\n<\/tbody>\n<\/table>\n<\/td>\n<\/tr>\n<\/tbody>\n<\/table>\n<p>&nbsp;<\/p>\n<p>Pre\u00e7o por pessoa:<br \/>\nUS$290 se sao 2 participantes;<br \/>\nUS$190 se sao 4 participantes;<br \/>\nUS$150 se sao 6 participantes.<\/p>\n<p>Em feriados importantes: Janeiro 1, Quinta-Feira Santa, Sexta-Feira Santa, Maio 1, Julho 28, Julho 29, Oezembro 24, 25 e 31 cobramos 50% mais.<\/p>\n<p><em><strong>Este <a href=\"https:\/\/www.limamentor.com\/pt-br\/sobmedida-tours-em-lima\/\">passeio pode ser adaptado<\/a> e podemos alterar o preco, dependendo do numero de participantes <\/strong><\/em><\/p>\n\n<div class=\"wpcf7 no-js\" id=\"wpcf7-f162-o1\" lang=\"en-US\" dir=\"ltr\" data-wpcf7-id=\"162\">\n<div class=\"screen-reader-response\"><p role=\"status\" aria-live=\"polite\" aria-atomic=\"true\"><\/p> <ul><\/ul><\/div>\n<form action=\"\/pt-br\/wp-json\/wp\/v2\/product\/5843#wpcf7-f162-o1\" method=\"post\" class=\"wpcf7-form init\" aria-label=\"Contact form\" novalidate=\"novalidate\" data-status=\"init\">\n<fieldset class=\"hidden-fields-container\"><input type=\"hidden\" name=\"_wpcf7\" value=\"162\" \/><input type=\"hidden\" name=\"_wpcf7_version\" value=\"6.1.5\" \/><input type=\"hidden\" name=\"_wpcf7_locale\" value=\"en_US\" \/><input type=\"hidden\" name=\"_wpcf7_unit_tag\" value=\"wpcf7-f162-o1\" \/><input type=\"hidden\" name=\"_wpcf7_container_post\" value=\"0\" \/><input type=\"hidden\" name=\"_wpcf7_posted_data_hash\" value=\"\" \/><input type=\"hidden\" name=\"_wpcf7_recaptcha_response\" value=\"\" \/>\n<\/fieldset>\n<div class=\"form-contact\">\n\t<div class=\"form-contact__fields-short\">\n\t\t<div class=\"form-contact__item-short\">\n\t\t\t<p><span class=\"wpcf7-form-control-wrap\" data-name=\"text-277\"><input size=\"40\" maxlength=\"400\" class=\"wpcf7-form-control wpcf7-text wpcf7-validates-as-required\" aria-required=\"true\" aria-invalid=\"false\" placeholder=\"Your name\" value=\"\" type=\"text\" name=\"text-277\" \/><\/span>\n\t\t\t<\/p>\n\t\t<\/div>\n\t\t<div class=\"form-contact__item-short\">\n\t\t\t<p><span class=\"wpcf7-form-control-wrap\" data-name=\"email-563\"><input size=\"40\" maxlength=\"400\" class=\"wpcf7-form-control wpcf7-email wpcf7-validates-as-required wpcf7-text wpcf7-validates-as-email\" aria-required=\"true\" aria-invalid=\"false\" placeholder=\"Email\" value=\"\" type=\"email\" name=\"email-563\" \/><\/span>\n\t\t\t<\/p>\n\t\t<\/div>\n\t<\/div>\n\t<div class=\"form-contact__fields-short\">\n\t\t<p><span class=\"wpcf7-form-control-wrap\" data-name=\"text-278\"><input size=\"40\" maxlength=\"400\" class=\"wpcf7-form-control wpcf7-text wpcf7-validates-as-required\" aria-required=\"true\" aria-invalid=\"false\" placeholder=\"Subject\" value=\"\" type=\"text\" name=\"text-278\" \/><\/span>\n\t\t<\/p>\n\t<\/div>\n\t<p><span class=\"wpcf7-form-control-wrap\" data-name=\"textarea-287\"><textarea cols=\"0\" rows=\"0\" maxlength=\"2000\" class=\"wpcf7-form-control wpcf7-textarea\" aria-invalid=\"false\" placeholder=\"Message\" name=\"textarea-287\"><\/textarea><\/span><br \/>\n<button type=\"submit\" class=\"button button--style1 button--with-icon\"><i class=\"fa fa-paper-plane\"><\/i>Send<\/button>\n\t<\/p>\n<\/div><div class=\"wpcf7-response-output\" aria-hidden=\"true\"><\/div>\n<\/form>\n<\/div>\n\n","protected":false},"excerpt":{"rendered":"<p>Um programa de 12 horas para visitar a civiliza\u00e7\u00e3o mais antiga das Am\u00e9ricas. Tamb\u00e9m visitar\u00e1 uma \u00e1rea natural protegida, Lomas de Lachay, para desfrutar de um maravilhoso piquenique.<\/p>\n","protected":false},"featured_media":2120,"comment_status":"closed","ping_status":"closed","template":"","meta":[],"product_brand":[],"product_cat":[117],"product_tag":[],"class_list":{"0":"post-5843","1":"product","2":"type-product","3":"status-publish","4":"has-post-thumbnail","6":"product_cat-around-lima-pt-br","7":"tour_category-private-tours","9":"first","10":"instock","11":"shipping-taxable","12":"purchasable","13":"product-type-tour"},"_links":{"self":[{"href":"https:\/\/site.limamentor.com\/pt-br\/wp-json\/wp\/v2\/product\/5843","targetHints":{"allow":["GET"]}}],"collection":[{"href":"https:\/\/site.limamentor.com\/pt-br\/wp-json\/wp\/v2\/product"}],"about":[{"href":"https:\/\/site.limamentor.com\/pt-br\/wp-json\/wp\/v2\/types\/product"}],"replies":[{"embeddable":true,"href":"https:\/\/site.limamentor.com\/pt-br\/wp-json\/wp\/v2\/comments?post=5843"}],"wp:featuredmedia":[{"embeddable":true,"href":"https:\/\/site.limamentor.com\/pt-br\/wp-json\/wp\/v2\/media\/2120"}],"wp:attachment":[{"href":"https:\/\/site.limamentor.com\/pt-br\/wp-json\/wp\/v2\/media?parent=5843"}],"wp:term":[{"taxonomy":"product_brand","embeddable":true,"href":"https:\/\/site.limamentor.com\/pt-br\/wp-json\/wp\/v2\/product_brand?post=5843"},{"taxonomy":"product_cat","embeddable":true,"href":"https:\/\/site.limamentor.com\/pt-br\/wp-json\/wp\/v2\/product_cat?post=5843"},{"taxonomy":"product_tag","embeddable":true,"href":"https:\/\/site.limamentor.com\/pt-br\/wp-json\/wp\/v2\/product_tag?post=5843"}],"curies":[{"name":"wp","href":"https:\/\/api.w.org\/{rel}","templated":true}]}}